{"id":140064,"date":"2022-11-08T18:46:11","date_gmt":"2022-11-08T17:46:11","guid":{"rendered":"https:\/\/ollybowman.com\/a-propos-de-moi\/"},"modified":"2025-04-07T19:18:10","modified_gmt":"2025-04-07T17:18:10","slug":"a-propos-de-moi","status":"publish","type":"page","link":"https:\/\/ollybowman.com\/fr\/a-propos-de-moi\/","title":{"rendered":"\u00c0 propos de moi"},"content":{"rendered":"\t\t<div data-elementor-type=\"wp-page\" data-elementor-id=\"140064\" class=\"elementor elementor-140064 elementor-132979\" data-elementor-post-type=\"page\">\n\t\t\t\t\t\t<section class=\"elementor-section elementor-top-section elementor-element elementor-element-572bf43 elementor-section-stretched elementor-section-boxed elementor-section-height-default elementor-section-height-default\" data-id=\"572bf43\" data-element_type=\"section\" data-e-type=\"section\" data-settings=\"{&quot;stretch_section&quot;:&quot;section-stretched&quot;,&quot;background_background&quot;:&quot;classic&quot;}\">\n\t\t\t\t\t\t\t<div class=\"elementor-background-overlay\"><\/div>\n\t\t\t\t\t\t\t<div class=\"elementor-container elementor-column-gap-no\">\n\t\t\t\t\t<div class=\"elementor-column elementor-col-50 elementor-top-column elementor-element elementor-element-e4d4bdd\" data-id=\"e4d4bdd\" data-element_type=\"column\" data-e-type=\"column\">\n\t\t\t<div class=\"elementor-widget-wrap elementor-element-populated\">\n\t\t\t\t\t\t<div class=\"elementor-element elementor-element-1a719ce elementor-widget elementor-widget-image\" data-id=\"1a719ce\" data-element_type=\"widget\" data-e-type=\"widget\" data-widget_type=\"image.default\">\n\t\t\t\t<div class=\"elementor-widget-container\">\n\t\t\t\t\t\t\t\t\t\t\t\t\t\t\t<img decoding=\"async\" src=\"https:\/\/assets.ollybowman.com\/2025\/01\/PriceHubble-Reunion-Chamonix-20240326-3530-\u00a9Olly-Bowman-copy-683x1024.jpg\" title=\"\" alt=\"\" loading=\"lazy\" \/>\t\t\t\t\t\t\t\t\t\t\t\t\t\t\t<\/div>\n\t\t\t\t<\/div>\n\t\t\t\t\t<\/div>\n\t\t<\/div>\n\t\t\t\t<div class=\"elementor-column elementor-col-50 elementor-top-column elementor-element elementor-element-6a38751\" data-id=\"6a38751\" data-element_type=\"column\" data-e-type=\"column\">\n\t\t\t<div class=\"elementor-widget-wrap elementor-element-populated\">\n\t\t\t\t\t\t<div class=\"elementor-element elementor-element-0e6c947 elementor-widget elementor-widget-text-editor\" data-id=\"0e6c947\" data-element_type=\"widget\" data-e-type=\"widget\" data-widget_type=\"text-editor.default\">\n\t\t\t\t<div class=\"elementor-widget-container\">\n\t\t\t\t\t\t\t\t\t<p>Bonjour, c&#8217;est moi, je suis photographe vivant dans la magnifique vall\u00e9e de Chamonix, en France, et voici un autoportrait ou un \u00ab selfie \u00bb.<\/p>\n<p>Je prends des photos depuis que je suis enfant. Je saisissais le fid\u00e8le appareil photo reflex de mon p\u00e8re et capturais les merveilles de la nature. Ils \u00e9taient bons ? Disons que je n&#8217;\u00e9tais pas tout \u00e0 fait le prodige que j&#8217;aurais pu \u00eatre, mais bon, j&#8217;ai appr\u00e9ci\u00e9 !<\/p>\n<p>Quelques ann\u00e9es plus tard, j&#8217;ai finalement repris un appareil photo, et cette fois, mes photos n&#8217;\u00e9taient pas si mauvaises ! En fait, j&#8217;aimais toujours \u00e7a, et le reste appartient \u00e0 l&#8217;histoire. Depuis, je n&#8217;ai cess\u00e9 de prendre des photos, qu&#8217;il s&#8217;agisse de paysages magnifiques ou de portraits saisissants, mais ma v\u00e9ritable passion est de photographier des sports d&#8217;action comme le ski et le VTT.<\/p>\n<p>Mais ce n&#8217;est pas tout ce qui me passionne. Lorsque je ne suis pas derri\u00e8re l&#8217;objectif, vous pouvez me trouver en train de d\u00e9valer les pistes de ski, de faire du v\u00e9lo dans les Alpes fran\u00e7aises ou d&#8217;escalader les plus belles montagnes.<\/p>\n<p>Me voici donc \u00e0 Chamonix, o\u00f9 je vis le r\u00eave, m\u00eame si j&#8217;aime bien faire un saut dans les Highlands \u00e9cossais de temps en temps. Et si vous avez lu jusqu&#8217;ici, vous m\u00e9ritez une \u00e9toile d&#8217;or !<\/p>\n<p>Ne soyez pas timide &#8211; si vous voulez en savoir plus sur moi ou sur ma photographie, il suffit de demander. Et ne vous inqui\u00e9tez pas, je suis beaucoup plus sympathique que je ne le laisse para\u00eetre sur cette photo.<\/p>\n\t\t\t\t\t\t\t\t<\/div>\n\t\t\t\t<\/div>\n\t\t\t\t\t<\/div>\n\t\t<\/div>\n\t\t\t\t\t<\/div>\n\t\t<\/section>\n\t\t\t\t<\/div>\n\t\t","protected":false},"excerpt":{"rendered":"<p>Bonjour, c&#8217;est moi, je suis photographe vivant dans la magnifique vall\u00e9e de Chamonix, en France, et voici un autoportrait ou un \u00ab selfie \u00bb. Je prends des photos depuis que je suis enfant. Je saisissais le fid\u00e8le appareil photo reflex de mon p\u00e8re et capturais les merveilles de la nature. Ils \u00e9taient bons ? Disons [&hellip;]<\/p>\n","protected":false},"author":1,"featured_media":0,"parent":0,"menu_order":0,"comment_status":"closed","ping_status":"closed","template":"","meta":{"_acf_changed":false,"content-type":"","footnotes":""},"class_list":["post-140064","page","type-page","status-publish","hentry"],"acf":[],"_links":{"self":[{"href":"https:\/\/ollybowman.com\/fr\/wp-json\/wp\/v2\/pages\/140064","targetHints":{"allow":["GET"]}}],"collection":[{"href":"https:\/\/ollybowman.com\/fr\/wp-json\/wp\/v2\/pages"}],"about":[{"href":"https:\/\/ollybowman.com\/fr\/wp-json\/wp\/v2\/types\/page"}],"author":[{"embeddable":true,"href":"https:\/\/ollybowman.com\/fr\/wp-json\/wp\/v2\/users\/1"}],"replies":[{"embeddable":true,"href":"https:\/\/ollybowman.com\/fr\/wp-json\/wp\/v2\/comments?post=140064"}],"version-history":[{"count":0,"href":"https:\/\/ollybowman.com\/fr\/wp-json\/wp\/v2\/pages\/140064\/revisions"}],"wp:attachment":[{"href":"https:\/\/ollybowman.com\/fr\/wp-json\/wp\/v2\/media?parent=140064"}],"curies":[{"name":"wp","href":"https:\/\/api.w.org\/{rel}","templated":true}]}}