{"id":140066,"date":"2022-11-08T19:28:52","date_gmt":"2022-11-08T18:28:52","guid":{"rendered":"https:\/\/ollybowman.com\/prix\/"},"modified":"2025-04-07T19:19:07","modified_gmt":"2025-04-07T17:19:07","slug":"prix","status":"publish","type":"page","link":"https:\/\/ollybowman.com\/fr\/prix\/","title":{"rendered":"Prix"},"content":{"rendered":"\t\t<div data-elementor-type=\"wp-page\" data-elementor-id=\"140066\" class=\"elementor elementor-140066 elementor-132995\" data-elementor-post-type=\"page\">\n\t\t\t\t\t\t<section class=\"elementor-section elementor-top-section elementor-element elementor-element-c9e9f69 elementor-section-boxed elementor-section-height-default elementor-section-height-default\" data-id=\"c9e9f69\" data-element_type=\"section\" data-e-type=\"section\">\n\t\t\t\t\t\t<div class=\"elementor-container elementor-column-gap-default\">\n\t\t\t\t\t<div class=\"elementor-column elementor-col-50 elementor-top-column elementor-element elementor-element-8a6d0c4\" data-id=\"8a6d0c4\" data-element_type=\"column\" data-e-type=\"column\">\n\t\t\t<div class=\"elementor-widget-wrap elementor-element-populated\">\n\t\t\t\t\t\t<div class=\"elementor-element elementor-element-5ff6650 elementor-widget elementor-widget-image\" data-id=\"5ff6650\" data-element_type=\"widget\" data-e-type=\"widget\" data-widget_type=\"image.default\">\n\t\t\t\t<div class=\"elementor-widget-container\">\n\t\t\t\t\t\t\t\t\t\t\t\t\t\t\t\t<a href=\"https:\/\/assets.ollybowman.com\/2022\/02\/ImMYxS00-Andrea-Mason-Portrait-138-1024x683.jpg\" data-elementor-open-lightbox=\"yes\" data-e-action-hash=\"#elementor-action%3Aaction%3Dlightbox%26settings%3DeyJpZCI6MTM2Mzg1LCJ1cmwiOmZhbHNlfQ%3D%3D\">\n\t\t\t\t\t\t\t<img decoding=\"async\" src=\"https:\/\/assets.ollybowman.com\/2022\/02\/ImMYxS00-Andrea-Mason-Portrait-138-1024x683.jpg\" title=\"\" alt=\"\" loading=\"lazy\" \/>\t\t\t\t\t\t\t\t<\/a>\n\t\t\t\t\t\t\t\t\t\t\t\t\t\t\t<\/div>\n\t\t\t\t<\/div>\n\t\t\t\t\t<\/div>\n\t\t<\/div>\n\t\t\t\t<div class=\"elementor-column elementor-col-50 elementor-top-column elementor-element elementor-element-ede025e\" data-id=\"ede025e\" data-element_type=\"column\" data-e-type=\"column\">\n\t\t\t<div class=\"elementor-widget-wrap elementor-element-populated\">\n\t\t\t\t\t\t<div class=\"elementor-element elementor-element-262e2a5 elementor-widget elementor-widget-heading\" data-id=\"262e2a5\" data-element_type=\"widget\" data-e-type=\"widget\" data-widget_type=\"heading.default\">\n\t\t\t\t<div class=\"elementor-widget-container\">\n\t\t\t\t\t<h2 class=\"elementor-heading-title elementor-size-default\">World Sports Photography Awards 2022<\/h2>\t\t\t\t<\/div>\n\t\t\t\t<\/div>\n\t\t\t\t<div class=\"elementor-element elementor-element-5092524 elementor-widget elementor-widget-heading\" data-id=\"5092524\" data-element_type=\"widget\" data-e-type=\"widget\" data-widget_type=\"heading.default\">\n\t\t\t\t<div class=\"elementor-widget-container\">\n\t\t\t\t\t<h4 class=\"elementor-heading-title elementor-size-default\">M\u00e9rite sp\u00e9cial - Aquatique<\/h4>\t\t\t\t<\/div>\n\t\t\t\t<\/div>\n\t\t\t\t<div class=\"elementor-element elementor-element-fbad5fa elementor-widget elementor-widget-text-editor\" data-id=\"fbad5fa\" data-element_type=\"widget\" data-e-type=\"widget\" data-widget_type=\"text-editor.default\">\n\t\t\t\t<div class=\"elementor-widget-container\">\n\t\t\t\t\t\t\t\t\t<p>Cette photo d&#8217;Andrea Mason a \u00e9t\u00e9 prise au Lac de Passy dans les Alpes fran\u00e7aises. C&#8217;\u00e9tait une prise de vue tr\u00e8s rapide et je ne m&#8217;attendais pas \u00e0 tourner autant que le ciel s&#8217;est ouvert et nous avons d\u00fb courir pour nous abriter quelques minutes plus tard.  <\/p>\n\t\t\t\t\t\t\t\t<\/div>\n\t\t\t\t<\/div>\n\t\t\t\t<div class=\"elementor-element elementor-element-8dfa4db elementor-widget elementor-widget-image\" data-id=\"8dfa4db\" data-element_type=\"widget\" data-e-type=\"widget\" data-widget_type=\"image.default\">\n\t\t\t\t<div class=\"elementor-widget-container\">\n\t\t\t\t\t\t\t\t\t\t\t\t\t\t\t<img decoding=\"async\" src=\"https:\/\/assets.ollybowman.com\/2022\/11\/Aquatic-Special-Merit-On-Light-300x114.png\" title=\"\" alt=\"\" loading=\"lazy\" \/>\t\t\t\t\t\t\t\t\t\t\t\t\t\t\t<\/div>\n\t\t\t\t<\/div>\n\t\t\t\t\t<\/div>\n\t\t<\/div>\n\t\t\t\t\t<\/div>\n\t\t<\/section>\n\t\t\t\t<section class=\"elementor-section elementor-top-section elementor-element elementor-element-0f87b7c elementor-section-boxed elementor-section-height-default elementor-section-height-default\" data-id=\"0f87b7c\" data-element_type=\"section\" data-e-type=\"section\">\n\t\t\t\t\t\t<div class=\"elementor-container elementor-column-gap-default\">\n\t\t\t\t\t<div class=\"elementor-column elementor-col-100 elementor-top-column elementor-element elementor-element-824ffd8\" data-id=\"824ffd8\" data-element_type=\"column\" data-e-type=\"column\">\n\t\t\t<div class=\"elementor-widget-wrap elementor-element-populated\">\n\t\t\t\t\t\t<div class=\"elementor-element elementor-element-a71fc9d elementor-widget-divider--view-line elementor-widget elementor-widget-divider\" data-id=\"a71fc9d\" data-element_type=\"widget\" data-e-type=\"widget\" data-widget_type=\"divider.default\">\n\t\t\t\t<div class=\"elementor-widget-container\">\n\t\t\t\t\t\t\t<div class=\"elementor-divider\">\n\t\t\t<span class=\"elementor-divider-separator\">\n\t\t\t\t\t\t<\/span>\n\t\t<\/div>\n\t\t\t\t\t\t<\/div>\n\t\t\t\t<\/div>\n\t\t\t\t\t<\/div>\n\t\t<\/div>\n\t\t\t\t\t<\/div>\n\t\t<\/section>\n\t\t\t\t<section class=\"elementor-section elementor-top-section elementor-element elementor-element-b73533f elementor-section-boxed elementor-section-height-default elementor-section-height-default\" data-id=\"b73533f\" data-element_type=\"section\" data-e-type=\"section\">\n\t\t\t\t\t\t<div class=\"elementor-container elementor-column-gap-default\">\n\t\t\t\t\t<div class=\"elementor-column elementor-col-33 elementor-top-column elementor-element elementor-element-c6883d5\" data-id=\"c6883d5\" data-element_type=\"column\" data-e-type=\"column\">\n\t\t\t<div class=\"elementor-widget-wrap elementor-element-populated\">\n\t\t\t\t\t\t<div class=\"elementor-element elementor-element-187caee elementor-widget elementor-widget-image\" data-id=\"187caee\" data-element_type=\"widget\" data-e-type=\"widget\" data-widget_type=\"image.default\">\n\t\t\t\t<div class=\"elementor-widget-container\">\n\t\t\t\t\t\t\t\t\t\t\t\t\t\t\t\t<a href=\"https:\/\/assets.ollybowman.com\/2021\/10\/uGWL7mY1-OBP01653-1024x683.jpg\" data-elementor-open-lightbox=\"yes\" data-e-action-hash=\"#elementor-action%3Aaction%3Dlightbox%26settings%3DeyJpZCI6MTM2MzEzLCJ1cmwiOmZhbHNlfQ%3D%3D\">\n\t\t\t\t\t\t\t<img decoding=\"async\" src=\"https:\/\/assets.ollybowman.com\/2021\/10\/uGWL7mY1-OBP01653-1024x683.jpg\" title=\"\" alt=\"\" loading=\"lazy\" \/>\t\t\t\t\t\t\t\t<\/a>\n\t\t\t\t\t\t\t\t\t\t\t\t\t\t\t<\/div>\n\t\t\t\t<\/div>\n\t\t\t\t<div class=\"elementor-element elementor-element-12a0fba elementor-widget elementor-widget-image\" data-id=\"12a0fba\" data-element_type=\"widget\" data-e-type=\"widget\" data-widget_type=\"image.default\">\n\t\t\t\t<div class=\"elementor-widget-container\">\n\t\t\t\t\t\t\t\t\t\t\t\t\t\t\t\t<a href=\"https:\/\/assets.ollybowman.com\/2022\/11\/OBP00967-Edit-1024x683.jpg\" data-elementor-open-lightbox=\"yes\" data-e-action-hash=\"#elementor-action%3Aaction%3Dlightbox%26settings%3DeyJpZCI6MTM4NDY0LCJ1cmwiOmZhbHNlfQ%3D%3D\">\n\t\t\t\t\t\t\t<img decoding=\"async\" src=\"https:\/\/assets.ollybowman.com\/2022\/11\/OBP00967-Edit-1024x683.jpg\" title=\"\" alt=\"Mountain Panshot\" loading=\"lazy\" \/>\t\t\t\t\t\t\t\t<\/a>\n\t\t\t\t\t\t\t\t\t\t\t\t\t\t\t<\/div>\n\t\t\t\t<\/div>\n\t\t\t\t\t<\/div>\n\t\t<\/div>\n\t\t\t\t<div class=\"elementor-column elementor-col-33 elementor-top-column elementor-element elementor-element-4cbf1c2\" data-id=\"4cbf1c2\" data-element_type=\"column\" data-e-type=\"column\">\n\t\t\t<div class=\"elementor-widget-wrap elementor-element-populated\">\n\t\t\t\t\t\t<div class=\"elementor-element elementor-element-9672c49 elementor-widget elementor-widget-image\" data-id=\"9672c49\" data-element_type=\"widget\" data-e-type=\"widget\" data-widget_type=\"image.default\">\n\t\t\t\t<div class=\"elementor-widget-container\">\n\t\t\t\t\t\t\t\t\t\t\t\t\t\t\t\t<a href=\"https:\/\/assets.ollybowman.com\/2022\/11\/OBP01259-1024x683.jpg\" data-elementor-open-lightbox=\"yes\" data-e-action-hash=\"#elementor-action%3Aaction%3Dlightbox%26settings%3DeyJpZCI6MTM4NDY1LCJ1cmwiOmZhbHNlfQ%3D%3D\">\n\t\t\t\t\t\t\t<img decoding=\"async\" src=\"https:\/\/assets.ollybowman.com\/2022\/11\/OBP01259-1024x683.jpg\" title=\"\" alt=\"You looking at me?\" loading=\"lazy\" \/>\t\t\t\t\t\t\t\t<\/a>\n\t\t\t\t\t\t\t\t\t\t\t\t\t\t\t<\/div>\n\t\t\t\t<\/div>\n\t\t\t\t<div class=\"elementor-element elementor-element-b140e34 elementor-widget elementor-widget-image\" data-id=\"b140e34\" data-element_type=\"widget\" data-e-type=\"widget\" data-widget_type=\"image.default\">\n\t\t\t\t<div class=\"elementor-widget-container\">\n\t\t\t\t\t\t\t\t\t\t\t\t\t\t\t\t<a href=\"https:\/\/assets.ollybowman.com\/2022\/11\/RUFA-2021-685-2-1024x683.jpg\" data-elementor-open-lightbox=\"yes\" data-e-action-hash=\"#elementor-action%3Aaction%3Dlightbox%26settings%3DeyJpZCI6MTM4NDY2LCJ1cmwiOmZhbHNlfQ%3D%3D\">\n\t\t\t\t\t\t\t<img decoding=\"async\" src=\"https:\/\/assets.ollybowman.com\/2022\/11\/RUFA-2021-685-2-1024x683.jpg\" title=\"\" alt=\"This is a photo of Peak, Mountain Range, Nature, Outdoors, Mountain, Hiking, Person, Adventure, Leisure Activities, Cliff, Slope, Scenery, Rock, Weather\" loading=\"lazy\" \/>\t\t\t\t\t\t\t\t<\/a>\n\t\t\t\t\t\t\t\t\t\t\t\t\t\t\t<\/div>\n\t\t\t\t<\/div>\n\t\t\t\t\t<\/div>\n\t\t<\/div>\n\t\t\t\t<div class=\"elementor-column elementor-col-33 elementor-top-column elementor-element elementor-element-8c19f5c\" data-id=\"8c19f5c\" data-element_type=\"column\" data-e-type=\"column\">\n\t\t\t<div class=\"elementor-widget-wrap elementor-element-populated\">\n\t\t\t\t\t\t<div class=\"elementor-element elementor-element-5a3175a elementor-widget elementor-widget-heading\" data-id=\"5a3175a\" data-element_type=\"widget\" data-e-type=\"widget\" data-widget_type=\"heading.default\">\n\t\t\t\t<div class=\"elementor-widget-container\">\n\t\t\t\t\t<h2 class=\"elementor-heading-title elementor-size-default\">World Sports Photography Awards 2022<\/h2>\t\t\t\t<\/div>\n\t\t\t\t<\/div>\n\t\t\t\t<div class=\"elementor-element elementor-element-3a29468 elementor-widget elementor-widget-heading\" data-id=\"3a29468\" data-element_type=\"widget\" data-e-type=\"widget\" data-widget_type=\"heading.default\">\n\t\t\t\t<div class=\"elementor-widget-container\">\n\t\t\t\t\t<h4 class=\"elementor-heading-title elementor-size-default\">Finaliste<\/h4>\t\t\t\t<\/div>\n\t\t\t\t<\/div>\n\t\t\t\t<div class=\"elementor-element elementor-element-bc35608 elementor-widget elementor-widget-text-editor\" data-id=\"bc35608\" data-element_type=\"widget\" data-e-type=\"widget\" data-widget_type=\"text-editor.default\">\n\t\t\t\t<div class=\"elementor-widget-container\">\n\t\t\t\t\t\t\t\t\t<p>Ces quatre photos ont atteint la finale des prix dans les cat\u00e9gories &#8220;urbain et extr\u00eame&#8221; et &#8220;lieux et vues&#8221;.  <\/p>\n\t\t\t\t\t\t\t\t<\/div>\n\t\t\t\t<\/div>\n\t\t\t\t\t<\/div>\n\t\t<\/div>\n\t\t\t\t\t<\/div>\n\t\t<\/section>\n\t\t\t\t<\/div>\n\t\t","protected":false},"excerpt":{"rendered":"<p>World Sports Photography Awards 2022 M\u00e9rite sp\u00e9cial &#8211; Aquatique Cette photo d&#8217;Andrea Mason a \u00e9t\u00e9 prise au Lac de Passy dans les Alpes fran\u00e7aises. C&#8217;\u00e9tait une prise de vue tr\u00e8s rapide et je ne m&#8217;attendais pas \u00e0 tourner autant que le ciel s&#8217;est ouvert et nous avons d\u00fb courir pour nous abriter quelques minutes plus [&hellip;]<\/p>\n","protected":false},"author":1,"featured_media":0,"parent":0,"menu_order":0,"comment_status":"closed","ping_status":"closed","template":"","meta":{"_acf_changed":false,"content-type":"","footnotes":""},"class_list":["post-140066","page","type-page","status-publish","hentry"],"acf":[],"_links":{"self":[{"href":"https:\/\/ollybowman.com\/fr\/wp-json\/wp\/v2\/pages\/140066","targetHints":{"allow":["GET"]}}],"collection":[{"href":"https:\/\/ollybowman.com\/fr\/wp-json\/wp\/v2\/pages"}],"about":[{"href":"https:\/\/ollybowman.com\/fr\/wp-json\/wp\/v2\/types\/page"}],"author":[{"embeddable":true,"href":"https:\/\/ollybowman.com\/fr\/wp-json\/wp\/v2\/users\/1"}],"replies":[{"embeddable":true,"href":"https:\/\/ollybowman.com\/fr\/wp-json\/wp\/v2\/comments?post=140066"}],"version-history":[{"count":0,"href":"https:\/\/ollybowman.com\/fr\/wp-json\/wp\/v2\/pages\/140066\/revisions"}],"wp:attachment":[{"href":"https:\/\/ollybowman.com\/fr\/wp-json\/wp\/v2\/media?parent=140066"}],"curies":[{"name":"wp","href":"https:\/\/api.w.org\/{rel}","templated":true}]}}