{"id":151041,"date":"2025-08-12T09:57:09","date_gmt":"2025-08-12T07:57:09","guid":{"rendered":"https:\/\/ollybowman.com\/buy-prints\/non%20class\u00e9\/tranchant-de-couteau\/"},"modified":"2023-11-08T00:39:28","modified_gmt":"2023-11-07T23:39:28","slug":"lame-de-couteau","status":"publish","type":"product","link":"https:\/\/ollybowman.com\/fr\/buy-prints\/prints-fr\/lame-de-couteau\/","title":{"rendered":"Tranchant de couteau"},"content":{"rendered":"<p>Il s&#8217;agit d&#8217;un sommet appel\u00e9 Tardevant dans les Chaines des Aravis dans les Alpes fran\u00e7aises. Cette photo a \u00e9t\u00e9 prise depuis L&#8217;Ambrevetta lors d&#8217;une journ\u00e9e de ski de randonn\u00e9e en 2021. La neige \u00e9tait magnifique et nous avons eu un ski de retour incroyable.<\/p>\n","protected":false},"excerpt":{"rendered":"<p>Il s&#8217;agit d&#8217;un sommet appel\u00e9 Tardevant dans les Chaines des Aravis dans les Alpes fran\u00e7aises. Cette photo a \u00e9t\u00e9 prise depuis L&#8217;Ambrevetta lors d&#8217;une journ\u00e9e de ski de randonn\u00e9e en 2021. La neige \u00e9tait magnifique et nous avons eu un ski de retour incroyable.<\/p>\n","protected":false},"featured_media":175318,"comment_status":"open","ping_status":"closed","template":"","meta":{"_acf_changed":false,"content-type":"","wds_primary_image_name":0,"wds_primary_product-option-template":0,"wds_primary_product_brand":0,"wds_primary_product_cat":3035},"image_name":[2132],"product-option-template":[3039],"product_brand":[],"product_cat":[3035],"product_tag":[3016,3014,3017,3018],"class_list":{"0":"post-151041","1":"product","2":"type-product","3":"status-publish","4":"has-post-thumbnail","6":"image_name-knife-edge","7":"product-option-template-11-low-res","8":"product_cat-prints-fr","9":"product_tag-alpes","10":"product_tag-lhiver","11":"product_tag-montagne","12":"product_tag-paysage","13":"pa_size-21x30-cm","14":"pa_size-30x40-cm","15":"tm-has-options","17":"first","18":"instock","19":"shipping-taxable","20":"purchasable","21":"product-type-simple"},"acf":[],"_links":{"self":[{"href":"https:\/\/ollybowman.com\/fr\/wp-json\/wp\/v2\/product\/151041","targetHints":{"allow":["GET"]}}],"collection":[{"href":"https:\/\/ollybowman.com\/fr\/wp-json\/wp\/v2\/product"}],"about":[{"href":"https:\/\/ollybowman.com\/fr\/wp-json\/wp\/v2\/types\/product"}],"replies":[{"embeddable":true,"href":"https:\/\/ollybowman.com\/fr\/wp-json\/wp\/v2\/comments?post=151041"}],"wp:featuredmedia":[{"embeddable":true,"href":"https:\/\/ollybowman.com\/fr\/wp-json\/wp\/v2\/media\/175318"}],"wp:attachment":[{"href":"https:\/\/ollybowman.com\/fr\/wp-json\/wp\/v2\/media?parent=151041"}],"wp:term":[{"taxonomy":"image_name","embeddable":true,"href":"https:\/\/ollybowman.com\/fr\/wp-json\/wp\/v2\/image_name?post=151041"},{"taxonomy":"product-option-template","embeddable":true,"href":"https:\/\/ollybowman.com\/fr\/wp-json\/wp\/v2\/product-option-template?post=151041"},{"taxonomy":"product_brand","embeddable":true,"href":"https:\/\/ollybowman.com\/fr\/wp-json\/wp\/v2\/product_brand?post=151041"},{"taxonomy":"product_cat","embeddable":true,"href":"https:\/\/ollybowman.com\/fr\/wp-json\/wp\/v2\/product_cat?post=151041"},{"taxonomy":"product_tag","embeddable":true,"href":"https:\/\/ollybowman.com\/fr\/wp-json\/wp\/v2\/product_tag?post=151041"}],"curies":[{"name":"wp","href":"https:\/\/api.w.org\/{rel}","templated":true}]}}