{"id":151042,"date":"2025-08-12T09:57:09","date_gmt":"2025-08-12T07:57:09","guid":{"rendered":"https:\/\/ollybowman.com\/buy-prints\/non%20class\u00e9\/poudre-raide\/"},"modified":"2023-11-08T00:38:30","modified_gmt":"2023-11-07T23:38:30","slug":"poudre-raide","status":"publish","type":"product","link":"https:\/\/ollybowman.com\/fr\/buy-prints\/prints-fr\/poudre-raide\/","title":{"rendered":"Poudre raide"},"content":{"rendered":"<p>Il n&#8217;y a rien de tel que de skier dans une poudreuse fra\u00eeche et raide, et c&#8217;\u00e9tait l&#8217;une de ces journ\u00e9es extraordinaires \u00e0 Chamonix o\u00f9 la neige ne cesse de donner. La montagne \u00e0 l&#8217;arri\u00e8re-plan est le Mont Blanc.<\/p>\n","protected":false},"excerpt":{"rendered":"<p>Il n&#8217;y a rien de tel que de skier dans une poudreuse fra\u00eeche et raide, et c&#8217;\u00e9tait l&#8217;une de ces journ\u00e9es extraordinaires \u00e0 Chamonix o\u00f9 la neige ne cesse de donner. La montagne \u00e0 l&#8217;arri\u00e8re-plan est le Mont Blanc.<\/p>\n","protected":false},"featured_media":175319,"comment_status":"open","ping_status":"closed","template":"","meta":{"_acf_changed":false,"content-type":"","wds_primary_image_name":0,"wds_primary_product-option-template":0,"wds_primary_product_brand":0,"wds_primary_product_cat":3035},"image_name":[2135],"product-option-template":[3012],"product_brand":[],"product_cat":[3035],"product_tag":[3016,3015,3014,3018,3059],"class_list":{"0":"post-151042","1":"product","2":"type-product","3":"status-publish","4":"has-post-thumbnail","6":"image_name-steep-powder","7":"product-option-template-32-low-res","8":"product_cat-prints-fr","9":"product_tag-alpes","10":"product_tag-chamonix-fr","11":"product_tag-lhiver","12":"product_tag-paysage","13":"product_tag-ski-fr","14":"pa_size-12x16","15":"pa_size-16x20","16":"pa_size-18x24","17":"tm-has-options","19":"first","20":"instock","21":"shipping-taxable","22":"purchasable","23":"product-type-simple"},"acf":[],"_links":{"self":[{"href":"https:\/\/ollybowman.com\/fr\/wp-json\/wp\/v2\/product\/151042","targetHints":{"allow":["GET"]}}],"collection":[{"href":"https:\/\/ollybowman.com\/fr\/wp-json\/wp\/v2\/product"}],"about":[{"href":"https:\/\/ollybowman.com\/fr\/wp-json\/wp\/v2\/types\/product"}],"replies":[{"embeddable":true,"href":"https:\/\/ollybowman.com\/fr\/wp-json\/wp\/v2\/comments?post=151042"}],"wp:featuredmedia":[{"embeddable":true,"href":"https:\/\/ollybowman.com\/fr\/wp-json\/wp\/v2\/media\/175319"}],"wp:attachment":[{"href":"https:\/\/ollybowman.com\/fr\/wp-json\/wp\/v2\/media?parent=151042"}],"wp:term":[{"taxonomy":"image_name","embeddable":true,"href":"https:\/\/ollybowman.com\/fr\/wp-json\/wp\/v2\/image_name?post=151042"},{"taxonomy":"product-option-template","embeddable":true,"href":"https:\/\/ollybowman.com\/fr\/wp-json\/wp\/v2\/product-option-template?post=151042"},{"taxonomy":"product_brand","embeddable":true,"href":"https:\/\/ollybowman.com\/fr\/wp-json\/wp\/v2\/product_brand?post=151042"},{"taxonomy":"product_cat","embeddable":true,"href":"https:\/\/ollybowman.com\/fr\/wp-json\/wp\/v2\/product_cat?post=151042"},{"taxonomy":"product_tag","embeddable":true,"href":"https:\/\/ollybowman.com\/fr\/wp-json\/wp\/v2\/product_tag?post=151042"}],"curies":[{"name":"wp","href":"https:\/\/api.w.org\/{rel}","templated":true}]}}