{"id":151043,"date":"2025-08-12T09:57:09","date_gmt":"2025-08-12T07:57:09","guid":{"rendered":"https:\/\/ollybowman.com\/buy-prints\/non%20class\u00e9\/la-peau-vers-le-haut-le-ski-vers-le-bas\/"},"modified":"2023-11-08T00:40:47","modified_gmt":"2023-11-07T23:40:47","slug":"depecage-decapage","status":"publish","type":"product","link":"https:\/\/ollybowman.com\/fr\/buy-prints\/prints-fr\/depecage-decapage\/","title":{"rendered":"La peau vers le haut, le ski vers le bas"},"content":{"rendered":"<p>Le ski de randonn\u00e9e est le meilleur moyen de faire des traces fra\u00eeches en montagne. Enfilez vos skis de randonn\u00e9e et obtenez une neige parfaite dans le calme et la tranquillit\u00e9 de l&#8217;arri\u00e8re-pays.<\/p>\n","protected":false},"excerpt":{"rendered":"<p>Le ski de randonn\u00e9e est le meilleur moyen de faire des traces fra\u00eeches en montagne. Enfilez vos skis de randonn\u00e9e et obtenez une neige parfaite dans le calme et la tranquillit\u00e9 de l&#8217;arri\u00e8re-pays.<\/p>\n","protected":false},"featured_media":175320,"comment_status":"open","ping_status":"closed","template":"","meta":{"_acf_changed":false,"content-type":"","wds_primary_image_name":0,"wds_primary_product-option-template":0,"wds_primary_product_brand":0,"wds_primary_product_cat":3035},"image_name":[2150],"product-option-template":[3040],"product_brand":[],"product_cat":[3035],"product_tag":[3016,3014,3018,3059],"class_list":{"0":"post-151043","1":"product","2":"type-product","3":"status-publish","4":"has-post-thumbnail","6":"image_name-skin-up-ski-down","7":"product-option-template-43-low-res","8":"product_cat-prints-fr","9":"product_tag-alpes","10":"product_tag-lhiver","11":"product_tag-paysage","12":"product_tag-ski-fr","13":"pa_size-21x30-cm","14":"pa_size-30x40-cm","15":"tm-has-options","17":"first","18":"instock","19":"shipping-taxable","20":"purchasable","21":"product-type-simple"},"acf":[],"_links":{"self":[{"href":"https:\/\/ollybowman.com\/fr\/wp-json\/wp\/v2\/product\/151043","targetHints":{"allow":["GET"]}}],"collection":[{"href":"https:\/\/ollybowman.com\/fr\/wp-json\/wp\/v2\/product"}],"about":[{"href":"https:\/\/ollybowman.com\/fr\/wp-json\/wp\/v2\/types\/product"}],"replies":[{"embeddable":true,"href":"https:\/\/ollybowman.com\/fr\/wp-json\/wp\/v2\/comments?post=151043"}],"wp:featuredmedia":[{"embeddable":true,"href":"https:\/\/ollybowman.com\/fr\/wp-json\/wp\/v2\/media\/175320"}],"wp:attachment":[{"href":"https:\/\/ollybowman.com\/fr\/wp-json\/wp\/v2\/media?parent=151043"}],"wp:term":[{"taxonomy":"image_name","embeddable":true,"href":"https:\/\/ollybowman.com\/fr\/wp-json\/wp\/v2\/image_name?post=151043"},{"taxonomy":"product-option-template","embeddable":true,"href":"https:\/\/ollybowman.com\/fr\/wp-json\/wp\/v2\/product-option-template?post=151043"},{"taxonomy":"product_brand","embeddable":true,"href":"https:\/\/ollybowman.com\/fr\/wp-json\/wp\/v2\/product_brand?post=151043"},{"taxonomy":"product_cat","embeddable":true,"href":"https:\/\/ollybowman.com\/fr\/wp-json\/wp\/v2\/product_cat?post=151043"},{"taxonomy":"product_tag","embeddable":true,"href":"https:\/\/ollybowman.com\/fr\/wp-json\/wp\/v2\/product_tag?post=151043"}],"curies":[{"name":"wp","href":"https:\/\/api.w.org\/{rel}","templated":true}]}}