{"id":151044,"date":"2025-08-12T09:57:10","date_gmt":"2025-08-12T07:57:10","guid":{"rendered":"https:\/\/ollybowman.com\/buy-prints\/non%20class\u00e9\/tours-de-poudre\/"},"modified":"2023-11-08T00:42:10","modified_gmt":"2023-11-07T23:42:10","slug":"tours-de-poudre","status":"publish","type":"product","link":"https:\/\/ollybowman.com\/fr\/buy-prints\/prints-fr\/tours-de-poudre\/","title":{"rendered":"Tours de poudre"},"content":{"rendered":"<p>Il n&#8217;y a rien de tel que le ski en poudreuse et la neige de cette journ\u00e9e dans les Aravis n&#8217;a pas fait exception, la neige \u00e9tait incroyable et il y avait plein de traces fra\u00eeches pour tout le monde.<\/p>\n","protected":false},"excerpt":{"rendered":"<p>Il n&#8217;y a rien de tel que le ski en poudreuse et la neige de cette journ\u00e9e dans les Aravis n&#8217;a pas fait exception, la neige \u00e9tait incroyable et il y avait plein de traces fra\u00eeches pour tout le monde.<\/p>\n","protected":false},"featured_media":175321,"comment_status":"open","ping_status":"closed","template":"","meta":{"_acf_changed":false,"content-type":"","wds_primary_image_name":0,"wds_primary_product-option-template":0,"wds_primary_product_brand":0,"wds_primary_product_cat":3035},"image_name":[2134],"product-option-template":[3040],"product_brand":[],"product_cat":[3035],"product_tag":[3016,3014,3018,3059],"class_list":{"0":"post-151044","1":"product","2":"type-product","3":"status-publish","4":"has-post-thumbnail","6":"image_name-powder-turns","7":"product-option-template-43-low-res","8":"product_cat-prints-fr","9":"product_tag-alpes","10":"product_tag-lhiver","11":"product_tag-paysage","12":"product_tag-ski-fr","13":"pa_size-21x30-cm","14":"pa_size-30x40-cm","15":"pa_size-50x70-cm","16":"tm-has-options","18":"first","19":"instock","20":"shipping-taxable","21":"purchasable","22":"product-type-simple"},"acf":[],"_links":{"self":[{"href":"https:\/\/ollybowman.com\/fr\/wp-json\/wp\/v2\/product\/151044","targetHints":{"allow":["GET"]}}],"collection":[{"href":"https:\/\/ollybowman.com\/fr\/wp-json\/wp\/v2\/product"}],"about":[{"href":"https:\/\/ollybowman.com\/fr\/wp-json\/wp\/v2\/types\/product"}],"replies":[{"embeddable":true,"href":"https:\/\/ollybowman.com\/fr\/wp-json\/wp\/v2\/comments?post=151044"}],"wp:featuredmedia":[{"embeddable":true,"href":"https:\/\/ollybowman.com\/fr\/wp-json\/wp\/v2\/media\/175321"}],"wp:attachment":[{"href":"https:\/\/ollybowman.com\/fr\/wp-json\/wp\/v2\/media?parent=151044"}],"wp:term":[{"taxonomy":"image_name","embeddable":true,"href":"https:\/\/ollybowman.com\/fr\/wp-json\/wp\/v2\/image_name?post=151044"},{"taxonomy":"product-option-template","embeddable":true,"href":"https:\/\/ollybowman.com\/fr\/wp-json\/wp\/v2\/product-option-template?post=151044"},{"taxonomy":"product_brand","embeddable":true,"href":"https:\/\/ollybowman.com\/fr\/wp-json\/wp\/v2\/product_brand?post=151044"},{"taxonomy":"product_cat","embeddable":true,"href":"https:\/\/ollybowman.com\/fr\/wp-json\/wp\/v2\/product_cat?post=151044"},{"taxonomy":"product_tag","embeddable":true,"href":"https:\/\/ollybowman.com\/fr\/wp-json\/wp\/v2\/product_tag?post=151044"}],"curies":[{"name":"wp","href":"https:\/\/api.w.org\/{rel}","templated":true}]}}