{"id":151048,"date":"2025-08-12T09:57:12","date_gmt":"2025-08-12T07:57:12","guid":{"rendered":"https:\/\/ollybowman.com\/buy-prints\/non%20class\u00e9\/station-spatiale\/"},"modified":"2023-11-08T00:45:49","modified_gmt":"2023-11-07T23:45:49","slug":"station-spatiale","status":"publish","type":"product","link":"https:\/\/ollybowman.com\/fr\/buy-prints\/prints-fr\/station-spatiale\/","title":{"rendered":"Station spatiale"},"content":{"rendered":"<p>Cette photo a \u00e9t\u00e9 prise lors de ma seule journ\u00e9e de ski accessible par les remont\u00e9es m\u00e9caniques pendant la saison d&#8217;hiver 20\/21, au sommet de la remont\u00e9e m\u00e9canique Skyway \u00e0 Courmayeur. J&#8217;adore la fa\u00e7on dont il ressemble \u00e0 une sorte de station spatiale sur cette photo.<\/p>\n","protected":false},"excerpt":{"rendered":"<p>Cette photo a \u00e9t\u00e9 prise lors de ma seule journ\u00e9e de ski accessible par les remont\u00e9es m\u00e9caniques pendant la saison d&#8217;hiver 20\/21, au sommet de la remont\u00e9e m\u00e9canique Skyway \u00e0 Courmayeur. J&#8217;adore la fa\u00e7on dont il ressemble \u00e0 une sorte de station spatiale sur cette photo.<\/p>\n","protected":false},"featured_media":175327,"comment_status":"open","ping_status":"closed","template":"","meta":{"_acf_changed":false,"content-type":"","wds_primary_image_name":0,"wds_primary_product-option-template":0,"wds_primary_product_brand":0,"wds_primary_product_cat":3035},"image_name":[2060],"product-option-template":[3012],"product_brand":[],"product_cat":[3035],"product_tag":[3016,3014,3017,3059],"class_list":{"0":"post-151048","1":"product","2":"type-product","3":"status-publish","4":"has-post-thumbnail","6":"image_name-space-station","7":"product-option-template-32-low-res","8":"product_cat-prints-fr","9":"product_tag-alpes","10":"product_tag-lhiver","11":"product_tag-montagne","12":"product_tag-ski-fr","13":"pa_size-12x16","14":"pa_size-16x20","15":"pa_size-18x24","16":"tm-has-options","18":"first","19":"instock","20":"shipping-taxable","21":"purchasable","22":"product-type-simple"},"acf":[],"_links":{"self":[{"href":"https:\/\/ollybowman.com\/fr\/wp-json\/wp\/v2\/product\/151048","targetHints":{"allow":["GET"]}}],"collection":[{"href":"https:\/\/ollybowman.com\/fr\/wp-json\/wp\/v2\/product"}],"about":[{"href":"https:\/\/ollybowman.com\/fr\/wp-json\/wp\/v2\/types\/product"}],"replies":[{"embeddable":true,"href":"https:\/\/ollybowman.com\/fr\/wp-json\/wp\/v2\/comments?post=151048"}],"wp:featuredmedia":[{"embeddable":true,"href":"https:\/\/ollybowman.com\/fr\/wp-json\/wp\/v2\/media\/175327"}],"wp:attachment":[{"href":"https:\/\/ollybowman.com\/fr\/wp-json\/wp\/v2\/media?parent=151048"}],"wp:term":[{"taxonomy":"image_name","embeddable":true,"href":"https:\/\/ollybowman.com\/fr\/wp-json\/wp\/v2\/image_name?post=151048"},{"taxonomy":"product-option-template","embeddable":true,"href":"https:\/\/ollybowman.com\/fr\/wp-json\/wp\/v2\/product-option-template?post=151048"},{"taxonomy":"product_brand","embeddable":true,"href":"https:\/\/ollybowman.com\/fr\/wp-json\/wp\/v2\/product_brand?post=151048"},{"taxonomy":"product_cat","embeddable":true,"href":"https:\/\/ollybowman.com\/fr\/wp-json\/wp\/v2\/product_cat?post=151048"},{"taxonomy":"product_tag","embeddable":true,"href":"https:\/\/ollybowman.com\/fr\/wp-json\/wp\/v2\/product_tag?post=151048"}],"curies":[{"name":"wp","href":"https:\/\/api.w.org\/{rel}","templated":true}]}}