{"id":151050,"date":"2025-08-12T09:57:13","date_gmt":"2025-08-12T07:57:13","guid":{"rendered":"https:\/\/ollybowman.com\/buy-prints\/non%20class\u00e9\/arbre-solitaire\/"},"modified":"2023-11-08T00:47:46","modified_gmt":"2023-11-07T23:47:46","slug":"arbre-solitaire","status":"publish","type":"product","link":"https:\/\/ollybowman.com\/fr\/buy-prints\/prints-fr\/arbre-solitaire\/","title":{"rendered":"Arbre solitaire"},"content":{"rendered":"<p>Un arbre solitaire dans le brouillard au milieu d&#8217;un lac gel\u00e9. Situ\u00e9 sur un itin\u00e9raire de ski de randonn\u00e9e tr\u00e8s fr\u00e9quent\u00e9 dans le Val d&#8217;Aoste, c&#8217;est un endroit magnifique quel que soit le temps.<\/p>\n","protected":false},"excerpt":{"rendered":"<p>Un arbre solitaire dans le brouillard au milieu d&#8217;un lac gel\u00e9. Situ\u00e9 sur un itin\u00e9raire de ski de randonn\u00e9e tr\u00e8s fr\u00e9quent\u00e9 dans le Val d&#8217;Aoste, c&#8217;est un endroit magnifique quel que soit le temps.<\/p>\n","protected":false},"featured_media":175329,"comment_status":"open","ping_status":"closed","template":"","meta":{"_acf_changed":false,"content-type":"","wds_primary_image_name":0,"wds_primary_product-option-template":0,"wds_primary_product_brand":0,"wds_primary_product_cat":3035},"image_name":[1789],"product-option-template":[3012],"product_brand":[],"product_cat":[3035],"product_tag":[3014,3018],"class_list":{"0":"post-151050","1":"product","2":"type-product","3":"status-publish","4":"has-post-thumbnail","6":"image_name-lone-tree","7":"product-option-template-32-low-res","8":"product_cat-prints-fr","9":"product_tag-lhiver","10":"product_tag-paysage","11":"pa_size-12x16","12":"pa_size-16x20","13":"pa_size-18x24","14":"tm-has-options","16":"first","17":"instock","18":"shipping-taxable","19":"purchasable","20":"product-type-simple"},"acf":[],"_links":{"self":[{"href":"https:\/\/ollybowman.com\/fr\/wp-json\/wp\/v2\/product\/151050","targetHints":{"allow":["GET"]}}],"collection":[{"href":"https:\/\/ollybowman.com\/fr\/wp-json\/wp\/v2\/product"}],"about":[{"href":"https:\/\/ollybowman.com\/fr\/wp-json\/wp\/v2\/types\/product"}],"replies":[{"embeddable":true,"href":"https:\/\/ollybowman.com\/fr\/wp-json\/wp\/v2\/comments?post=151050"}],"wp:featuredmedia":[{"embeddable":true,"href":"https:\/\/ollybowman.com\/fr\/wp-json\/wp\/v2\/media\/175329"}],"wp:attachment":[{"href":"https:\/\/ollybowman.com\/fr\/wp-json\/wp\/v2\/media?parent=151050"}],"wp:term":[{"taxonomy":"image_name","embeddable":true,"href":"https:\/\/ollybowman.com\/fr\/wp-json\/wp\/v2\/image_name?post=151050"},{"taxonomy":"product-option-template","embeddable":true,"href":"https:\/\/ollybowman.com\/fr\/wp-json\/wp\/v2\/product-option-template?post=151050"},{"taxonomy":"product_brand","embeddable":true,"href":"https:\/\/ollybowman.com\/fr\/wp-json\/wp\/v2\/product_brand?post=151050"},{"taxonomy":"product_cat","embeddable":true,"href":"https:\/\/ollybowman.com\/fr\/wp-json\/wp\/v2\/product_cat?post=151050"},{"taxonomy":"product_tag","embeddable":true,"href":"https:\/\/ollybowman.com\/fr\/wp-json\/wp\/v2\/product_tag?post=151050"}],"curies":[{"name":"wp","href":"https:\/\/api.w.org\/{rel}","templated":true}]}}