{"id":151051,"date":"2025-08-12T09:57:14","date_gmt":"2025-08-12T07:57:14","guid":{"rendered":"https:\/\/ollybowman.com\/buy-prints\/non%20class\u00e9\/la-poudre\/"},"modified":"2023-11-08T00:48:32","modified_gmt":"2023-11-07T23:48:32","slug":"poudre","status":"publish","type":"product","link":"https:\/\/ollybowman.com\/fr\/buy-prints\/prints-fr\/poudre\/","title":{"rendered":"La poudre !!!"},"content":{"rendered":"<p>Qui n&#8217;aime pas les journ\u00e9es de poudreuse ? Cette photo a \u00e9t\u00e9 prise lors d&#8217;une superbe journ\u00e9e de ski au-dessus de Vallorcine, dans les Alpes fran\u00e7aises.<\/p>\n","protected":false},"excerpt":{"rendered":"<p>Qui n&#8217;aime pas les journ\u00e9es de poudreuse ? Cette photo a \u00e9t\u00e9 prise lors d&#8217;une superbe journ\u00e9e de ski au-dessus de Vallorcine, dans les Alpes fran\u00e7aises.<\/p>\n","protected":false},"featured_media":175331,"comment_status":"open","ping_status":"closed","template":"","meta":{"_acf_changed":false,"content-type":"","wds_primary_image_name":0,"wds_primary_product-option-template":0,"wds_primary_product_brand":0,"wds_primary_product_cat":3035},"image_name":[1769],"product-option-template":[3013],"product_brand":[],"product_cat":[3035],"product_tag":[3016,3015,3014,3059],"class_list":{"0":"post-151051","1":"product","2":"type-product","3":"status-publish","4":"has-post-thumbnail","6":"image_name-powder","7":"product-option-template-32-normal-res","8":"product_cat-prints-fr","9":"product_tag-alpes","10":"product_tag-chamonix-fr","11":"product_tag-lhiver","12":"product_tag-ski-fr","13":"tm-has-options","15":"first","16":"instock","17":"shipping-taxable","18":"purchasable","19":"product-type-simple"},"acf":[],"_links":{"self":[{"href":"https:\/\/ollybowman.com\/fr\/wp-json\/wp\/v2\/product\/151051","targetHints":{"allow":["GET"]}}],"collection":[{"href":"https:\/\/ollybowman.com\/fr\/wp-json\/wp\/v2\/product"}],"about":[{"href":"https:\/\/ollybowman.com\/fr\/wp-json\/wp\/v2\/types\/product"}],"replies":[{"embeddable":true,"href":"https:\/\/ollybowman.com\/fr\/wp-json\/wp\/v2\/comments?post=151051"}],"wp:featuredmedia":[{"embeddable":true,"href":"https:\/\/ollybowman.com\/fr\/wp-json\/wp\/v2\/media\/175331"}],"wp:attachment":[{"href":"https:\/\/ollybowman.com\/fr\/wp-json\/wp\/v2\/media?parent=151051"}],"wp:term":[{"taxonomy":"image_name","embeddable":true,"href":"https:\/\/ollybowman.com\/fr\/wp-json\/wp\/v2\/image_name?post=151051"},{"taxonomy":"product-option-template","embeddable":true,"href":"https:\/\/ollybowman.com\/fr\/wp-json\/wp\/v2\/product-option-template?post=151051"},{"taxonomy":"product_brand","embeddable":true,"href":"https:\/\/ollybowman.com\/fr\/wp-json\/wp\/v2\/product_brand?post=151051"},{"taxonomy":"product_cat","embeddable":true,"href":"https:\/\/ollybowman.com\/fr\/wp-json\/wp\/v2\/product_cat?post=151051"},{"taxonomy":"product_tag","embeddable":true,"href":"https:\/\/ollybowman.com\/fr\/wp-json\/wp\/v2\/product_tag?post=151051"}],"curies":[{"name":"wp","href":"https:\/\/api.w.org\/{rel}","templated":true}]}}