{"id":151053,"date":"2025-08-12T09:57:15","date_gmt":"2025-08-12T07:57:15","guid":{"rendered":"https:\/\/ollybowman.com\/buy-prints\/non%20class\u00e9\/une-chambre-avec-vue\/"},"modified":"2023-11-08T00:51:08","modified_gmt":"2023-11-07T23:51:08","slug":"une-chambre-avec-vue","status":"publish","type":"product","link":"https:\/\/ollybowman.com\/fr\/buy-prints\/prints-fr\/une-chambre-avec-vue\/","title":{"rendered":"Une chambre avec vue"},"content":{"rendered":"<p>Prise depuis la sortie de l&#8217;Aiguille du Midi en octobre 2020, nous avions eu beaucoup de neige en altitude et tout le monde profitait des conditions pour faire un peu de ski de d\u00e9but de saison. Je crois que c&#8217;est la premi\u00e8re fois que je skie en hiver. Le sommet \u00e0 droite est la Dent de G\u00e9ant, \u00e0 la fronti\u00e8re italienne.<\/p>\n","protected":false},"excerpt":{"rendered":"<p>Prise depuis la sortie de l&#8217;Aiguille du Midi en octobre 2020, nous avions eu beaucoup de neige en altitude et tout le monde profitait des conditions pour faire un peu de ski de d\u00e9but de saison. Je crois que c&#8217;est la premi\u00e8re fois que je skie en hiver. Le sommet \u00e0 droite est la Dent [&hellip;]<\/p>\n","protected":false},"featured_media":175333,"comment_status":"open","ping_status":"closed","template":"","meta":{"_acf_changed":false,"content-type":"","wds_primary_image_name":0,"wds_primary_product-option-template":0,"wds_primary_product_brand":0,"wds_primary_product_cat":3035},"image_name":[1767],"product-option-template":[3041],"product_brand":[],"product_cat":[3035],"product_tag":[3016,3015,3014,3017,3018],"class_list":{"0":"post-151053","1":"product","2":"type-product","3":"status-publish","4":"has-post-thumbnail","6":"image_name-a-room-with-a-view","7":"product-option-template-43-high-res","8":"product_cat-prints-fr","9":"product_tag-alpes","10":"product_tag-chamonix-fr","11":"product_tag-lhiver","12":"product_tag-montagne","13":"product_tag-paysage","14":"tm-has-options","16":"first","17":"instock","18":"featured","19":"shipping-taxable","20":"purchasable","21":"product-type-simple"},"acf":[],"_links":{"self":[{"href":"https:\/\/ollybowman.com\/fr\/wp-json\/wp\/v2\/product\/151053","targetHints":{"allow":["GET"]}}],"collection":[{"href":"https:\/\/ollybowman.com\/fr\/wp-json\/wp\/v2\/product"}],"about":[{"href":"https:\/\/ollybowman.com\/fr\/wp-json\/wp\/v2\/types\/product"}],"replies":[{"embeddable":true,"href":"https:\/\/ollybowman.com\/fr\/wp-json\/wp\/v2\/comments?post=151053"}],"wp:featuredmedia":[{"embeddable":true,"href":"https:\/\/ollybowman.com\/fr\/wp-json\/wp\/v2\/media\/175333"}],"wp:attachment":[{"href":"https:\/\/ollybowman.com\/fr\/wp-json\/wp\/v2\/media?parent=151053"}],"wp:term":[{"taxonomy":"image_name","embeddable":true,"href":"https:\/\/ollybowman.com\/fr\/wp-json\/wp\/v2\/image_name?post=151053"},{"taxonomy":"product-option-template","embeddable":true,"href":"https:\/\/ollybowman.com\/fr\/wp-json\/wp\/v2\/product-option-template?post=151053"},{"taxonomy":"product_brand","embeddable":true,"href":"https:\/\/ollybowman.com\/fr\/wp-json\/wp\/v2\/product_brand?post=151053"},{"taxonomy":"product_cat","embeddable":true,"href":"https:\/\/ollybowman.com\/fr\/wp-json\/wp\/v2\/product_cat?post=151053"},{"taxonomy":"product_tag","embeddable":true,"href":"https:\/\/ollybowman.com\/fr\/wp-json\/wp\/v2\/product_tag?post=151053"}],"curies":[{"name":"wp","href":"https:\/\/api.w.org\/{rel}","templated":true}]}}