{"id":151054,"date":"2025-08-12T09:57:15","date_gmt":"2025-08-12T07:57:15","guid":{"rendered":"https:\/\/ollybowman.com\/buy-prints\/non%20class\u00e9\/perdu-dans-un-voile-blanc\/"},"modified":"2023-11-08T00:51:57","modified_gmt":"2023-11-07T23:51:57","slug":"perdu-dans-un-blanc","status":"publish","type":"product","link":"https:\/\/ollybowman.com\/fr\/buy-prints\/prints-fr\/perdu-dans-un-blanc\/","title":{"rendered":"Perdu dans un voile blanc"},"content":{"rendered":"<p>Il s&#8217;agit d&#8217;une \u0153uvre d&#8217;art r\u00e9alis\u00e9e \u00e0 partir d&#8217;une photo. Elle montre 5 skieurs essayant de d\u00e9cider d&#8217;un itin\u00e9raire alors qu&#8217;ils se trouvent dans un voile blanc. Il y a beaucoup de blanc dans cette image, vous devrez donc peut-\u00eatre faire d\u00e9filer la page pour la voir.<\/p>\n","protected":false},"excerpt":{"rendered":"<p>Il s&#8217;agit d&#8217;une \u0153uvre d&#8217;art r\u00e9alis\u00e9e \u00e0 partir d&#8217;une photo. Elle montre 5 skieurs essayant de d\u00e9cider d&#8217;un itin\u00e9raire alors qu&#8217;ils se trouvent dans un voile blanc. Il y a beaucoup de blanc dans cette image, vous devrez donc peut-\u00eatre faire d\u00e9filer la page pour la voir.<\/p>\n","protected":false},"featured_media":175335,"comment_status":"open","ping_status":"closed","template":"","meta":{"_acf_changed":false,"content-type":"","wds_primary_image_name":0,"wds_primary_product-option-template":0,"wds_primary_product_brand":0,"wds_primary_product_cat":3035},"image_name":[1754],"product-option-template":[3013],"product_brand":[],"product_cat":[3035],"product_tag":[3016,3057,3014,3059],"class_list":{"0":"post-151054","1":"product","2":"type-product","3":"status-publish","4":"has-post-thumbnail","6":"image_name-lost-in-a-whiteout","7":"product-option-template-32-normal-res","8":"product_cat-prints-fr","9":"product_tag-alpes","10":"product_tag-art-fr","11":"product_tag-lhiver","12":"product_tag-ski-fr","13":"tm-has-options","15":"first","16":"instock","17":"shipping-taxable","18":"purchasable","19":"product-type-simple"},"acf":[],"_links":{"self":[{"href":"https:\/\/ollybowman.com\/fr\/wp-json\/wp\/v2\/product\/151054","targetHints":{"allow":["GET"]}}],"collection":[{"href":"https:\/\/ollybowman.com\/fr\/wp-json\/wp\/v2\/product"}],"about":[{"href":"https:\/\/ollybowman.com\/fr\/wp-json\/wp\/v2\/types\/product"}],"replies":[{"embeddable":true,"href":"https:\/\/ollybowman.com\/fr\/wp-json\/wp\/v2\/comments?post=151054"}],"wp:featuredmedia":[{"embeddable":true,"href":"https:\/\/ollybowman.com\/fr\/wp-json\/wp\/v2\/media\/175335"}],"wp:attachment":[{"href":"https:\/\/ollybowman.com\/fr\/wp-json\/wp\/v2\/media?parent=151054"}],"wp:term":[{"taxonomy":"image_name","embeddable":true,"href":"https:\/\/ollybowman.com\/fr\/wp-json\/wp\/v2\/image_name?post=151054"},{"taxonomy":"product-option-template","embeddable":true,"href":"https:\/\/ollybowman.com\/fr\/wp-json\/wp\/v2\/product-option-template?post=151054"},{"taxonomy":"product_brand","embeddable":true,"href":"https:\/\/ollybowman.com\/fr\/wp-json\/wp\/v2\/product_brand?post=151054"},{"taxonomy":"product_cat","embeddable":true,"href":"https:\/\/ollybowman.com\/fr\/wp-json\/wp\/v2\/product_cat?post=151054"},{"taxonomy":"product_tag","embeddable":true,"href":"https:\/\/ollybowman.com\/fr\/wp-json\/wp\/v2\/product_tag?post=151054"}],"curies":[{"name":"wp","href":"https:\/\/api.w.org\/{rel}","templated":true}]}}