{"id":151056,"date":"2025-08-12T09:57:16","date_gmt":"2025-08-12T07:57:16","guid":{"rendered":"https:\/\/ollybowman.com\/buy-prints\/non%20class\u00e9\/skieur-orange-dans-le-voile-blanc\/"},"modified":"2023-11-08T00:57:28","modified_gmt":"2023-11-07T23:57:28","slug":"orange-skier-in-whiteout","status":"publish","type":"product","link":"https:\/\/ollybowman.com\/fr\/buy-prints\/prints-fr\/orange-skier-in-whiteout\/","title":{"rendered":"Skieur orange dans le voile blanc"},"content":{"rendered":"<p>Une \u0153uvre d&#8217;art \u00e0 partir d&#8217;une photographie, essayant d&#8217;utiliser l&#8217;espace n\u00e9gatif de la neige pour cr\u00e9er l&#8217;id\u00e9e de skier dans un voile blanc.<\/p>\n","protected":false},"excerpt":{"rendered":"<p>Une \u0153uvre d&#8217;art \u00e0 partir d&#8217;une photographie, essayant d&#8217;utiliser l&#8217;espace n\u00e9gatif de la neige pour cr\u00e9er l&#8217;id\u00e9e de skier dans un voile blanc.<\/p>\n","protected":false},"featured_media":175337,"comment_status":"open","ping_status":"closed","template":"","meta":{"_acf_changed":false,"content-type":"","wds_primary_image_name":0,"wds_primary_product-option-template":0,"wds_primary_product_brand":0,"wds_primary_product_cat":3035},"image_name":[1756],"product-option-template":[3013],"product_brand":[],"product_cat":[3035],"product_tag":[3016,3057,3014,3059],"class_list":{"0":"post-151056","1":"product","2":"type-product","3":"status-publish","4":"has-post-thumbnail","6":"image_name-orange-skier-in-whiteout","7":"product-option-template-32-normal-res","8":"product_cat-prints-fr","9":"product_tag-alpes","10":"product_tag-art-fr","11":"product_tag-lhiver","12":"product_tag-ski-fr","13":"tm-has-options","15":"first","16":"instock","17":"shipping-taxable","18":"purchasable","19":"product-type-simple"},"acf":[],"_links":{"self":[{"href":"https:\/\/ollybowman.com\/fr\/wp-json\/wp\/v2\/product\/151056","targetHints":{"allow":["GET"]}}],"collection":[{"href":"https:\/\/ollybowman.com\/fr\/wp-json\/wp\/v2\/product"}],"about":[{"href":"https:\/\/ollybowman.com\/fr\/wp-json\/wp\/v2\/types\/product"}],"replies":[{"embeddable":true,"href":"https:\/\/ollybowman.com\/fr\/wp-json\/wp\/v2\/comments?post=151056"}],"wp:featuredmedia":[{"embeddable":true,"href":"https:\/\/ollybowman.com\/fr\/wp-json\/wp\/v2\/media\/175337"}],"wp:attachment":[{"href":"https:\/\/ollybowman.com\/fr\/wp-json\/wp\/v2\/media?parent=151056"}],"wp:term":[{"taxonomy":"image_name","embeddable":true,"href":"https:\/\/ollybowman.com\/fr\/wp-json\/wp\/v2\/image_name?post=151056"},{"taxonomy":"product-option-template","embeddable":true,"href":"https:\/\/ollybowman.com\/fr\/wp-json\/wp\/v2\/product-option-template?post=151056"},{"taxonomy":"product_brand","embeddable":true,"href":"https:\/\/ollybowman.com\/fr\/wp-json\/wp\/v2\/product_brand?post=151056"},{"taxonomy":"product_cat","embeddable":true,"href":"https:\/\/ollybowman.com\/fr\/wp-json\/wp\/v2\/product_cat?post=151056"},{"taxonomy":"product_tag","embeddable":true,"href":"https:\/\/ollybowman.com\/fr\/wp-json\/wp\/v2\/product_tag?post=151056"}],"curies":[{"name":"wp","href":"https:\/\/api.w.org\/{rel}","templated":true}]}}