{"id":151058,"date":"2025-08-12T09:57:17","date_gmt":"2025-08-12T07:57:17","guid":{"rendered":"https:\/\/ollybowman.com\/buy-prints\/non%20class\u00e9\/palais-de-lisle\/"},"modified":"2023-11-08T00:59:33","modified_gmt":"2023-11-07T23:59:33","slug":"palais-de-lisle","status":"publish","type":"product","link":"https:\/\/ollybowman.com\/fr\/buy-prints\/prints-fr\/palais-de-lisle\/","title":{"rendered":"Palais de l&#8217;Isle"},"content":{"rendered":"<p>Le Palais de L&#8217;Isle est un pittoresque ch\u00e2teau m\u00e9di\u00e9val et une prison au milieu du canal du Thiou \u00e0 Annecy, aujourd&#8217;hui un mus\u00e9e d&#8217;art et d&#8217;histoire.<\/p>\n","protected":false},"excerpt":{"rendered":"<p>Le Palais de L&#8217;Isle est un pittoresque ch\u00e2teau m\u00e9di\u00e9val et une prison au milieu du canal du Thiou \u00e0 Annecy, aujourd&#8217;hui un mus\u00e9e d&#8217;art et d&#8217;histoire.<\/p>\n","protected":false},"featured_media":175339,"comment_status":"open","ping_status":"closed","template":"","meta":{"_acf_changed":false,"content-type":"","wds_primary_image_name":0,"wds_primary_product-option-template":0,"wds_primary_product_brand":0,"wds_primary_product_cat":3035},"image_name":[1757],"product-option-template":[3042],"product_brand":[],"product_cat":[3035],"product_tag":[3019],"class_list":{"0":"post-151058","1":"product","2":"type-product","3":"status-publish","4":"has-post-thumbnail","6":"image_name-palais-de-lisle","7":"product-option-template-169-normal-res","8":"product_cat-prints-fr","9":"product_tag-ville","10":"tm-no-options","12":"first","13":"instock","14":"shipping-taxable","15":"purchasable","16":"product-type-simple"},"acf":[],"_links":{"self":[{"href":"https:\/\/ollybowman.com\/fr\/wp-json\/wp\/v2\/product\/151058","targetHints":{"allow":["GET"]}}],"collection":[{"href":"https:\/\/ollybowman.com\/fr\/wp-json\/wp\/v2\/product"}],"about":[{"href":"https:\/\/ollybowman.com\/fr\/wp-json\/wp\/v2\/types\/product"}],"replies":[{"embeddable":true,"href":"https:\/\/ollybowman.com\/fr\/wp-json\/wp\/v2\/comments?post=151058"}],"wp:featuredmedia":[{"embeddable":true,"href":"https:\/\/ollybowman.com\/fr\/wp-json\/wp\/v2\/media\/175339"}],"wp:attachment":[{"href":"https:\/\/ollybowman.com\/fr\/wp-json\/wp\/v2\/media?parent=151058"}],"wp:term":[{"taxonomy":"image_name","embeddable":true,"href":"https:\/\/ollybowman.com\/fr\/wp-json\/wp\/v2\/image_name?post=151058"},{"taxonomy":"product-option-template","embeddable":true,"href":"https:\/\/ollybowman.com\/fr\/wp-json\/wp\/v2\/product-option-template?post=151058"},{"taxonomy":"product_brand","embeddable":true,"href":"https:\/\/ollybowman.com\/fr\/wp-json\/wp\/v2\/product_brand?post=151058"},{"taxonomy":"product_cat","embeddable":true,"href":"https:\/\/ollybowman.com\/fr\/wp-json\/wp\/v2\/product_cat?post=151058"},{"taxonomy":"product_tag","embeddable":true,"href":"https:\/\/ollybowman.com\/fr\/wp-json\/wp\/v2\/product_tag?post=151058"}],"curies":[{"name":"wp","href":"https:\/\/api.w.org\/{rel}","templated":true}]}}