{"id":151059,"date":"2025-08-12T09:57:17","date_gmt":"2025-08-12T07:57:17","guid":{"rendered":"https:\/\/ollybowman.com\/buy-prints\/non%20class\u00e9\/telepherique-de-brevent\/"},"modified":"2023-11-08T01:00:39","modified_gmt":"2023-11-08T00:00:39","slug":"brevent-cable-car","status":"publish","type":"product","link":"https:\/\/ollybowman.com\/fr\/buy-prints\/prints-fr\/brevent-cable-car\/","title":{"rendered":"T\u00e9l\u00e9ph\u00e9rique de Brevent"},"content":{"rendered":"<p>Le t\u00e9l\u00e9ph\u00e9rique qui vous emm\u00e8ne au Br\u00e9vent \u00e0 2525m. Situ\u00e9 au-dessus de la ville de Chamonix, dans les Alpes fran\u00e7aises, il offre une vue imprenable sur le massif du Mont-Blanc.<\/p>\n","protected":false},"excerpt":{"rendered":"<p>Le t\u00e9l\u00e9ph\u00e9rique qui vous emm\u00e8ne au Br\u00e9vent \u00e0 2525m. Situ\u00e9 au-dessus de la ville de Chamonix, dans les Alpes fran\u00e7aises, il offre une vue imprenable sur le massif du Mont-Blanc.<\/p>\n","protected":false},"featured_media":175340,"comment_status":"open","ping_status":"closed","template":"","meta":{"_acf_changed":false,"content-type":"","wds_primary_image_name":0,"wds_primary_product-option-template":0,"wds_primary_product_brand":0,"wds_primary_product_cat":3035},"image_name":[1749],"product-option-template":[3013],"product_brand":[],"product_cat":[3035],"product_tag":[3016,3015,3017,3018],"class_list":{"0":"post-151059","1":"product","2":"type-product","3":"status-publish","4":"has-post-thumbnail","6":"image_name-brevent-cable-car","7":"product-option-template-32-normal-res","8":"product_cat-prints-fr","9":"product_tag-alpes","10":"product_tag-chamonix-fr","11":"product_tag-montagne","12":"product_tag-paysage","13":"tm-has-options","15":"first","16":"instock","17":"shipping-taxable","18":"purchasable","19":"product-type-simple"},"acf":[],"_links":{"self":[{"href":"https:\/\/ollybowman.com\/fr\/wp-json\/wp\/v2\/product\/151059","targetHints":{"allow":["GET"]}}],"collection":[{"href":"https:\/\/ollybowman.com\/fr\/wp-json\/wp\/v2\/product"}],"about":[{"href":"https:\/\/ollybowman.com\/fr\/wp-json\/wp\/v2\/types\/product"}],"replies":[{"embeddable":true,"href":"https:\/\/ollybowman.com\/fr\/wp-json\/wp\/v2\/comments?post=151059"}],"wp:featuredmedia":[{"embeddable":true,"href":"https:\/\/ollybowman.com\/fr\/wp-json\/wp\/v2\/media\/175340"}],"wp:attachment":[{"href":"https:\/\/ollybowman.com\/fr\/wp-json\/wp\/v2\/media?parent=151059"}],"wp:term":[{"taxonomy":"image_name","embeddable":true,"href":"https:\/\/ollybowman.com\/fr\/wp-json\/wp\/v2\/image_name?post=151059"},{"taxonomy":"product-option-template","embeddable":true,"href":"https:\/\/ollybowman.com\/fr\/wp-json\/wp\/v2\/product-option-template?post=151059"},{"taxonomy":"product_brand","embeddable":true,"href":"https:\/\/ollybowman.com\/fr\/wp-json\/wp\/v2\/product_brand?post=151059"},{"taxonomy":"product_cat","embeddable":true,"href":"https:\/\/ollybowman.com\/fr\/wp-json\/wp\/v2\/product_cat?post=151059"},{"taxonomy":"product_tag","embeddable":true,"href":"https:\/\/ollybowman.com\/fr\/wp-json\/wp\/v2\/product_tag?post=151059"}],"curies":[{"name":"wp","href":"https:\/\/api.w.org\/{rel}","templated":true}]}}