{"id":151063,"date":"2025-08-12T09:57:19","date_gmt":"2025-08-12T07:57:19","guid":{"rendered":"https:\/\/ollybowman.com\/buy-prints\/non%20class\u00e9\/cosmique-arete\/"},"modified":"2023-11-08T01:05:03","modified_gmt":"2023-11-08T00:05:03","slug":"cosmique-arete","status":"publish","type":"product","link":"https:\/\/ollybowman.com\/fr\/buy-prints\/prints-fr\/cosmique-arete\/","title":{"rendered":"Cosmique Arete"},"content":{"rendered":"<p>Deux alpinistes sur l&#8217;ar\u00eate Cosmique en route vers l&#8217;Aiguille du Midi. C&#8217;est l&#8217;un des itin\u00e9raires alpins les plus populaires des Alpes et une excellente introduction \u00e0 l&#8217;alpinisme.<\/p>\n","protected":false},"excerpt":{"rendered":"<p>Deux alpinistes sur l&#8217;ar\u00eate Cosmique en route vers l&#8217;Aiguille du Midi. C&#8217;est l&#8217;un des itin\u00e9raires alpins les plus populaires des Alpes et une excellente introduction \u00e0 l&#8217;alpinisme.<\/p>\n","protected":false},"featured_media":175345,"comment_status":"open","ping_status":"closed","template":"","meta":{"_acf_changed":false,"content-type":"","wds_primary_image_name":0,"wds_primary_product-option-template":0,"wds_primary_product_brand":0,"wds_primary_product_cat":3035},"image_name":[1750],"product-option-template":[3013],"product_brand":[],"product_cat":[3035],"product_tag":[3016,3058,3015,3017,3018],"class_list":{"0":"post-151063","1":"product","2":"type-product","3":"status-publish","4":"has-post-thumbnail","6":"image_name-cosmique-arete","7":"product-option-template-32-normal-res","8":"product_cat-prints-fr","9":"product_tag-alpes","10":"product_tag-alpinisme","11":"product_tag-chamonix-fr","12":"product_tag-montagne","13":"product_tag-paysage","14":"tm-has-options","16":"first","17":"instock","18":"shipping-taxable","19":"purchasable","20":"product-type-simple"},"acf":[],"_links":{"self":[{"href":"https:\/\/ollybowman.com\/fr\/wp-json\/wp\/v2\/product\/151063","targetHints":{"allow":["GET"]}}],"collection":[{"href":"https:\/\/ollybowman.com\/fr\/wp-json\/wp\/v2\/product"}],"about":[{"href":"https:\/\/ollybowman.com\/fr\/wp-json\/wp\/v2\/types\/product"}],"replies":[{"embeddable":true,"href":"https:\/\/ollybowman.com\/fr\/wp-json\/wp\/v2\/comments?post=151063"}],"wp:featuredmedia":[{"embeddable":true,"href":"https:\/\/ollybowman.com\/fr\/wp-json\/wp\/v2\/media\/175345"}],"wp:attachment":[{"href":"https:\/\/ollybowman.com\/fr\/wp-json\/wp\/v2\/media?parent=151063"}],"wp:term":[{"taxonomy":"image_name","embeddable":true,"href":"https:\/\/ollybowman.com\/fr\/wp-json\/wp\/v2\/image_name?post=151063"},{"taxonomy":"product-option-template","embeddable":true,"href":"https:\/\/ollybowman.com\/fr\/wp-json\/wp\/v2\/product-option-template?post=151063"},{"taxonomy":"product_brand","embeddable":true,"href":"https:\/\/ollybowman.com\/fr\/wp-json\/wp\/v2\/product_brand?post=151063"},{"taxonomy":"product_cat","embeddable":true,"href":"https:\/\/ollybowman.com\/fr\/wp-json\/wp\/v2\/product_cat?post=151063"},{"taxonomy":"product_tag","embeddable":true,"href":"https:\/\/ollybowman.com\/fr\/wp-json\/wp\/v2\/product_tag?post=151063"}],"curies":[{"name":"wp","href":"https:\/\/api.w.org\/{rel}","templated":true}]}}