{"id":151067,"date":"2025-08-12T09:58:14","date_gmt":"2025-08-12T07:58:14","guid":{"rendered":"https:\/\/ollybowman.com\/buy-prints\/non%20class\u00e9\/les-drus\/"},"modified":"2023-11-08T01:09:05","modified_gmt":"2023-11-08T00:09:05","slug":"les-drus","status":"publish","type":"product","link":"https:\/\/ollybowman.com\/fr\/buy-prints\/prints-fr\/les-drus\/","title":{"rendered":"Les Drus"},"content":{"rendered":"<p>Les Drus sont l&#8217;un des sommets les plus spectaculaires de la vall\u00e9e de Chamonix, avec leur pointe ac\u00e9r\u00e9e et leurs lignes dentel\u00e9es. Vous pouvez clairement voir la zone plus claire sur la droite o\u00f9 12 000 m\u00e8tres cubes de roches sont tomb\u00e9s de la paroi en septembre 2011.<\/p>\n","protected":false},"excerpt":{"rendered":"<p>Les Drus sont l&#8217;un des sommets les plus spectaculaires de la vall\u00e9e de Chamonix, avec leur pointe ac\u00e9r\u00e9e et leurs lignes dentel\u00e9es. Vous pouvez clairement voir la zone plus claire sur la droite o\u00f9 12 000 m\u00e8tres cubes de roches sont tomb\u00e9s de la paroi en septembre 2011.<\/p>\n","protected":false},"featured_media":175350,"comment_status":"open","ping_status":"closed","template":"","meta":{"_acf_changed":false,"content-type":"","wds_primary_image_name":0,"wds_primary_product-option-template":0,"wds_primary_product_brand":0,"wds_primary_product_cat":3035},"image_name":[1745],"product-option-template":[3013],"product_brand":[],"product_cat":[3035],"product_tag":[3016,3015,3017,3018],"class_list":{"0":"post-151067","1":"product","2":"type-product","3":"status-publish","4":"has-post-thumbnail","6":"image_name-les-drus","7":"product-option-template-32-normal-res","8":"product_cat-prints-fr","9":"product_tag-alpes","10":"product_tag-chamonix-fr","11":"product_tag-montagne","12":"product_tag-paysage","13":"tm-has-options","15":"first","16":"instock","17":"shipping-taxable","18":"purchasable","19":"product-type-simple"},"acf":[],"_links":{"self":[{"href":"https:\/\/ollybowman.com\/fr\/wp-json\/wp\/v2\/product\/151067","targetHints":{"allow":["GET"]}}],"collection":[{"href":"https:\/\/ollybowman.com\/fr\/wp-json\/wp\/v2\/product"}],"about":[{"href":"https:\/\/ollybowman.com\/fr\/wp-json\/wp\/v2\/types\/product"}],"replies":[{"embeddable":true,"href":"https:\/\/ollybowman.com\/fr\/wp-json\/wp\/v2\/comments?post=151067"}],"wp:featuredmedia":[{"embeddable":true,"href":"https:\/\/ollybowman.com\/fr\/wp-json\/wp\/v2\/media\/175350"}],"wp:attachment":[{"href":"https:\/\/ollybowman.com\/fr\/wp-json\/wp\/v2\/media?parent=151067"}],"wp:term":[{"taxonomy":"image_name","embeddable":true,"href":"https:\/\/ollybowman.com\/fr\/wp-json\/wp\/v2\/image_name?post=151067"},{"taxonomy":"product-option-template","embeddable":true,"href":"https:\/\/ollybowman.com\/fr\/wp-json\/wp\/v2\/product-option-template?post=151067"},{"taxonomy":"product_brand","embeddable":true,"href":"https:\/\/ollybowman.com\/fr\/wp-json\/wp\/v2\/product_brand?post=151067"},{"taxonomy":"product_cat","embeddable":true,"href":"https:\/\/ollybowman.com\/fr\/wp-json\/wp\/v2\/product_cat?post=151067"},{"taxonomy":"product_tag","embeddable":true,"href":"https:\/\/ollybowman.com\/fr\/wp-json\/wp\/v2\/product_tag?post=151067"}],"curies":[{"name":"wp","href":"https:\/\/api.w.org\/{rel}","templated":true}]}}