{"id":151068,"date":"2025-08-12T09:58:14","date_gmt":"2025-08-12T07:58:14","guid":{"rendered":"https:\/\/ollybowman.com\/buy-prints\/non%20class\u00e9\/faisceaux-de-lumiere\/"},"modified":"2023-11-08T01:09:58","modified_gmt":"2023-11-08T00:09:58","slug":"faisceaux-de-lumiere","status":"publish","type":"product","link":"https:\/\/ollybowman.com\/fr\/buy-prints\/prints-fr\/faisceaux-de-lumiere\/","title":{"rendered":"Faisceaux de lumi\u00e8re"},"content":{"rendered":"<p>Cette photo a \u00e9t\u00e9 prise depuis le train qui vous emm\u00e8ne \u00e0 mi-chemin de l&#8217;ascension du Mont Blanc. La lumi\u00e8re \u00e9tait magnifique et j&#8217;ai r\u00e9ussi \u00e0 la capturer rapidement depuis la fen\u00eatre.<\/p>\n","protected":false},"excerpt":{"rendered":"<p>Cette photo a \u00e9t\u00e9 prise depuis le train qui vous emm\u00e8ne \u00e0 mi-chemin de l&#8217;ascension du Mont Blanc. La lumi\u00e8re \u00e9tait magnifique et j&#8217;ai r\u00e9ussi \u00e0 la capturer rapidement depuis la fen\u00eatre.<\/p>\n","protected":false},"featured_media":175351,"comment_status":"open","ping_status":"closed","template":"","meta":{"_acf_changed":false,"content-type":"","wds_primary_image_name":0,"wds_primary_product-option-template":0,"wds_primary_product_brand":0,"wds_primary_product_cat":3035},"image_name":[1748],"product-option-template":[3013],"product_brand":[],"product_cat":[3035],"product_tag":[3016,3017,3018],"class_list":{"0":"post-151068","1":"product","2":"type-product","3":"status-publish","4":"has-post-thumbnail","6":"image_name-beams-of-light","7":"product-option-template-32-normal-res","8":"product_cat-prints-fr","9":"product_tag-alpes","10":"product_tag-montagne","11":"product_tag-paysage","12":"tm-has-options","14":"first","15":"instock","16":"shipping-taxable","17":"purchasable","18":"product-type-simple"},"acf":[],"_links":{"self":[{"href":"https:\/\/ollybowman.com\/fr\/wp-json\/wp\/v2\/product\/151068","targetHints":{"allow":["GET"]}}],"collection":[{"href":"https:\/\/ollybowman.com\/fr\/wp-json\/wp\/v2\/product"}],"about":[{"href":"https:\/\/ollybowman.com\/fr\/wp-json\/wp\/v2\/types\/product"}],"replies":[{"embeddable":true,"href":"https:\/\/ollybowman.com\/fr\/wp-json\/wp\/v2\/comments?post=151068"}],"wp:featuredmedia":[{"embeddable":true,"href":"https:\/\/ollybowman.com\/fr\/wp-json\/wp\/v2\/media\/175351"}],"wp:attachment":[{"href":"https:\/\/ollybowman.com\/fr\/wp-json\/wp\/v2\/media?parent=151068"}],"wp:term":[{"taxonomy":"image_name","embeddable":true,"href":"https:\/\/ollybowman.com\/fr\/wp-json\/wp\/v2\/image_name?post=151068"},{"taxonomy":"product-option-template","embeddable":true,"href":"https:\/\/ollybowman.com\/fr\/wp-json\/wp\/v2\/product-option-template?post=151068"},{"taxonomy":"product_brand","embeddable":true,"href":"https:\/\/ollybowman.com\/fr\/wp-json\/wp\/v2\/product_brand?post=151068"},{"taxonomy":"product_cat","embeddable":true,"href":"https:\/\/ollybowman.com\/fr\/wp-json\/wp\/v2\/product_cat?post=151068"},{"taxonomy":"product_tag","embeddable":true,"href":"https:\/\/ollybowman.com\/fr\/wp-json\/wp\/v2\/product_tag?post=151068"}],"curies":[{"name":"wp","href":"https:\/\/api.w.org\/{rel}","templated":true}]}}