{"id":151126,"date":"2020-10-02T14:41:16","date_gmt":"2020-10-02T12:41:16","guid":{"rendered":"https:\/\/ollybowman.com\/buy-prints\/non class\u00e9\/glacier-sale\/"},"modified":"2020-10-02T14:41:16","modified_gmt":"2020-10-02T12:41:16","slug":"glacier-sale-mug-2","status":"publish","type":"product","link":"https:\/\/ollybowman.com\/fr\/buy-prints\/tasse\/glacier-sale-mug-2\/","title":{"rendered":"Glacier sale"},"content":{"rendered":"<p>Chaque campeur heureux a besoin d&#8217;une tasse de campeur unique. Il est l\u00e9ger, durable et multifonctionnel. Utilisez-le pour votre boisson pr\u00e9f\u00e9r\u00e9e et fixez-le \u00e0 votre sac pour y acc\u00e9der facilement lors d&#8217;une randonn\u00e9e.<\/p>\n<p>&#8211; Mat\u00e9riau : \u00c9mail<br \/>\n&#8211; Dimensions : Hauteur 8 cm, diam\u00e8tre 9 cm<br \/>\n&#8211; Rev\u00eatement blanc avec un bord argent\u00e9<br \/>\n&#8211; Lavage \u00e0 la main uniquement<\/p>\n<p>Attention ! Ne faites pas chauffer de liquides ou d&#8217;aliments directement dans le mug, vous risqueriez d&#8217;endommager le rev\u00eatement.<\/p>\n","protected":false},"excerpt":{"rendered":"<p>Chaque campeur heureux a besoin d&#8217;une tasse de campeur unique. Il est l\u00e9ger, durable et multifonctionnel. Utilisez-le pour votre boisson pr\u00e9f\u00e9r\u00e9e et fixez-le \u00e0 votre sac pour y acc\u00e9der facilement lors d&#8217;une randonn\u00e9e. &#8211; Mat\u00e9riau : \u00c9mail &#8211; Dimensions : Hauteur 8 cm, diam\u00e8tre 9 cm &#8211; Rev\u00eatement blanc avec un bord argent\u00e9 &#8211; Lavage [&hellip;]<\/p>\n","protected":false},"featured_media":135845,"comment_status":"open","ping_status":"closed","template":"","meta":{"_acf_changed":false,"content-type":"","wds_primary_image_name":0,"wds_primary_product-option-template":0,"wds_primary_product_brand":0,"wds_primary_product_cat":3030},"image_name":[1751],"product-option-template":[],"product_brand":[],"product_cat":[3030],"product_tag":[3016,3018],"class_list":{"0":"post-151126","1":"product","2":"type-product","3":"status-publish","4":"has-post-thumbnail","6":"image_name-dirty-glacier","7":"product_cat-tasse","8":"product_tag-alpes","9":"product_tag-paysage","10":"tm-no-options","12":"first","13":"instock","14":"featured","15":"shipping-taxable","16":"purchasable","17":"product-type-simple"},"acf":[],"_links":{"self":[{"href":"https:\/\/ollybowman.com\/fr\/wp-json\/wp\/v2\/product\/151126","targetHints":{"allow":["GET"]}}],"collection":[{"href":"https:\/\/ollybowman.com\/fr\/wp-json\/wp\/v2\/product"}],"about":[{"href":"https:\/\/ollybowman.com\/fr\/wp-json\/wp\/v2\/types\/product"}],"replies":[{"embeddable":true,"href":"https:\/\/ollybowman.com\/fr\/wp-json\/wp\/v2\/comments?post=151126"}],"wp:featuredmedia":[{"embeddable":true,"href":"https:\/\/ollybowman.com\/fr\/wp-json\/"}],"wp:attachment":[{"href":"https:\/\/ollybowman.com\/fr\/wp-json\/wp\/v2\/media?parent=151126"}],"wp:term":[{"taxonomy":"image_name","embeddable":true,"href":"https:\/\/ollybowman.com\/fr\/wp-json\/wp\/v2\/image_name?post=151126"},{"taxonomy":"product-option-template","embeddable":true,"href":"https:\/\/ollybowman.com\/fr\/wp-json\/wp\/v2\/product-option-template?post=151126"},{"taxonomy":"product_brand","embeddable":true,"href":"https:\/\/ollybowman.com\/fr\/wp-json\/wp\/v2\/product_brand?post=151126"},{"taxonomy":"product_cat","embeddable":true,"href":"https:\/\/ollybowman.com\/fr\/wp-json\/wp\/v2\/product_cat?post=151126"},{"taxonomy":"product_tag","embeddable":true,"href":"https:\/\/ollybowman.com\/fr\/wp-json\/wp\/v2\/product_tag?post=151126"}],"curies":[{"name":"wp","href":"https:\/\/api.w.org\/{rel}","templated":true}]}}