{"id":151206,"date":"2025-08-12T09:57:08","date_gmt":"2025-08-12T07:57:08","guid":{"rendered":"https:\/\/ollybowman.com\/buy-prints\/non%20class\u00e9\/trois-alpinistes\/"},"modified":"2023-11-19T16:53:23","modified_gmt":"2023-11-19T15:53:23","slug":"trois-montagnards","status":"publish","type":"product","link":"https:\/\/ollybowman.com\/fr\/buy-prints\/prints-fr\/trois-montagnards\/","title":{"rendered":"Trois alpinistes"},"content":{"rendered":"<div class=\"flex-1 overflow-hidden\">\n<div class=\"react-scroll-to-bottom--css-aspbv-79elbk h-full\">\n<div class=\"react-scroll-to-bottom--css-aspbv-1n7m0yu\">\n<div class=\"flex flex-col text-sm gizmo:pb-9 dark:bg-gray-800 gizmo:dark:bg-transparent\">\n<div class=\"w-full text-token-text-primary border-b border-black\/10 gizmo:border-0 dark:border-gray-900\/50 gizmo:dark:border-0 bg-gray-50 gizmo:bg-transparent dark:bg-[#444654] gizmo:dark:bg-transparent\" data-testid=\"conversation-turn-9\">\n<div class=\"p-4 gizmo:py-2 justify-center text-base md:gap-6 md:py-6 m-auto\">\n<div class=\"flex flex-1 gap-4 text-base mx-auto md:gap-6 gizmo:gap-3 gizmo:md:px-5 gizmo:lg:px-1 gizmo:xl:px-5 md:max-w-2xl lg:max-w-[38rem] gizmo:md:max-w-3xl gizmo:lg:max-w-[40rem] gizmo:xl:max-w-[48rem] xl:max-w-3xl } group final-completion\">\n<div class=\"relative flex w-[calc(100%-50px)] flex-col gizmo:w-full lg:w-[calc(100%-115px)] agent-turn\">\n<div class=\"flex-col gap-1 md:gap-3\">\n<div class=\"flex flex-grow flex-col max-w-full gap-3 gizmo:gap-0\">\n<div class=\"min-h-[20px] text-message flex flex-col items-start gap-3 whitespace-pre-wrap break-words [.text-message+&amp;]:mt-5 overflow-x-auto\" data-message-author-role=\"assistant\" data-message-id=\"e69811ae-d16d-4368-ad98-ca9c5d497f52\">\n<div class=\"markdown prose w-full break-words dark:prose-invert light\">\n<p>La photographie d\u00e9voile une sc\u00e8ne fascinante alors que trois alpinistes d\u00e9termin\u00e9s se lancent dans un voyage glaciaire vers une ascension rocheuse. Sur fond de glacier aust\u00e8re et gel\u00e9, le trio trace un chemin, leurs crampons agrippant la glace \u00e0 chaque pas d\u00e9termin\u00e9. L\u2019\u00e9tendue blanche immacul\u00e9e du glacier s\u2019\u00e9tend sous eux, contrastant fortement avec le terrain accident\u00e9 qui attend leur ascension. L&#8217;anticipation de l&#8217;ascension imminente est palpable lorsque les grimpeurs s&#8217;approchent d&#8217;un groupe de rochers imposants, leur destination \u00e0 l&#8217;horizon.<\/p>\n<p>La juxtaposition du formidable glacier glac\u00e9 et du d\u00e9fi rocheux imminent cr\u00e9e un r\u00e9cit visuel de la nature multiforme de l\u2019exploration des montagnes. Cette image r\u00e9sume l&#8217;essence de l&#8217;aventure alpine, o\u00f9 la r\u00e9silience des alpinistes s&#8217;harmonise avec la beaut\u00e9 dynamique des paysages glaciaires et des sommets rocheux, forgeant un r\u00e9cit \u00e0 la fois de d\u00e9fi et de triomphe au c\u0153ur des montagnes.<\/p>\n<\/div>\n<\/div>\n<\/div>\n<\/div>\n<\/div>\n<\/div>\n<\/div>\n<\/div>\n<\/div>\n<\/div>\n<\/div>\n<\/div>\n","protected":false},"excerpt":{"rendered":"<p>La photographie d\u00e9voile une sc\u00e8ne fascinante alors que trois alpinistes d\u00e9termin\u00e9s se lancent dans un voyage glaciaire vers une ascension rocheuse. Sur fond de glacier aust\u00e8re et gel\u00e9, le trio trace un chemin, leurs crampons agrippant la glace \u00e0 chaque pas d\u00e9termin\u00e9. L\u2019\u00e9tendue blanche immacul\u00e9e du glacier s\u2019\u00e9tend sous eux, contrastant fortement avec le terrain [&hellip;]<\/p>\n","protected":false},"featured_media":175317,"comment_status":"open","ping_status":"closed","template":"","meta":{"_acf_changed":false,"content-type":"","wds_primary_image_name":0,"wds_primary_product-option-template":0,"wds_primary_product_brand":0,"wds_primary_product_cat":3035},"image_name":[],"product-option-template":[3013],"product_brand":[],"product_cat":[3035],"product_tag":[3016,3058,3015,3018],"class_list":{"0":"post-151206","1":"product","2":"type-product","3":"status-publish","4":"has-post-thumbnail","6":"product-option-template-32-normal-res","7":"product_cat-prints-fr","8":"product_tag-alpes","9":"product_tag-alpinisme","10":"product_tag-chamonix-fr","11":"product_tag-paysage","12":"tm-has-options","14":"first","15":"instock","16":"shipping-taxable","17":"purchasable","18":"product-type-simple"},"acf":[],"_links":{"self":[{"href":"https:\/\/ollybowman.com\/fr\/wp-json\/wp\/v2\/product\/151206","targetHints":{"allow":["GET"]}}],"collection":[{"href":"https:\/\/ollybowman.com\/fr\/wp-json\/wp\/v2\/product"}],"about":[{"href":"https:\/\/ollybowman.com\/fr\/wp-json\/wp\/v2\/types\/product"}],"replies":[{"embeddable":true,"href":"https:\/\/ollybowman.com\/fr\/wp-json\/wp\/v2\/comments?post=151206"}],"wp:featuredmedia":[{"embeddable":true,"href":"https:\/\/ollybowman.com\/fr\/wp-json\/wp\/v2\/media\/175317"}],"wp:attachment":[{"href":"https:\/\/ollybowman.com\/fr\/wp-json\/wp\/v2\/media?parent=151206"}],"wp:term":[{"taxonomy":"image_name","embeddable":true,"href":"https:\/\/ollybowman.com\/fr\/wp-json\/wp\/v2\/image_name?post=151206"},{"taxonomy":"product-option-template","embeddable":true,"href":"https:\/\/ollybowman.com\/fr\/wp-json\/wp\/v2\/product-option-template?post=151206"},{"taxonomy":"product_brand","embeddable":true,"href":"https:\/\/ollybowman.com\/fr\/wp-json\/wp\/v2\/product_brand?post=151206"},{"taxonomy":"product_cat","embeddable":true,"href":"https:\/\/ollybowman.com\/fr\/wp-json\/wp\/v2\/product_cat?post=151206"},{"taxonomy":"product_tag","embeddable":true,"href":"https:\/\/ollybowman.com\/fr\/wp-json\/wp\/v2\/product_tag?post=151206"}],"curies":[{"name":"wp","href":"https:\/\/api.w.org\/{rel}","templated":true}]}}