{"id":151209,"date":"2025-08-12T09:57:15","date_gmt":"2025-08-12T07:57:15","guid":{"rendered":"https:\/\/ollybowman.com\/buy-prints\/non class\u00e9\/sur-la-plage-de-chesil\/"},"modified":"2020-10-15T15:18:31","modified_gmt":"2020-10-15T13:18:31","slug":"on-chesil-beach","status":"publish","type":"product","link":"https:\/\/ollybowman.com\/fr\/buy-prints\/prints-fr\/on-chesil-beach\/","title":{"rendered":"Sur la plage de Chesil"},"content":{"rendered":"<p>Il s&#8217;agit de Chesil Beach, entre Weymouth et Portland, sur la c\u00f4te sud de l&#8217;Angleterre. C\u2019est une plage de galets qui s\u2019\u00e9tend sur des kilom\u00e8tres et il y a en fait un lagon derri\u00e8re l\u2019immense banc de galets.<\/p>\n","protected":false},"excerpt":{"rendered":"<p>Il s&#8217;agit de Chesil Beach, entre Weymouth et Portland, sur la c\u00f4te sud de l&#8217;Angleterre. C\u2019est une plage de galets qui s\u2019\u00e9tend sur des kilom\u00e8tres et il y a en fait un lagon derri\u00e8re l\u2019immense banc de galets.<\/p>\n","protected":false},"featured_media":175334,"comment_status":"open","ping_status":"closed","template":"","meta":{"_acf_changed":false,"content-type":"","wds_primary_image_name":0,"wds_primary_product-option-template":0,"wds_primary_product_brand":0,"wds_primary_product_cat":3035},"image_name":[1743],"product-option-template":[3013],"product_brand":[],"product_cat":[3035],"product_tag":[3018],"class_list":{"0":"post-151209","1":"product","2":"type-product","3":"status-publish","4":"has-post-thumbnail","6":"image_name-on-chesil-beach","7":"product-option-template-32-normal-res","8":"product_cat-prints-fr","9":"product_tag-paysage","10":"tm-has-options","12":"first","13":"instock","14":"shipping-taxable","15":"purchasable","16":"product-type-simple"},"acf":[],"_links":{"self":[{"href":"https:\/\/ollybowman.com\/fr\/wp-json\/wp\/v2\/product\/151209","targetHints":{"allow":["GET"]}}],"collection":[{"href":"https:\/\/ollybowman.com\/fr\/wp-json\/wp\/v2\/product"}],"about":[{"href":"https:\/\/ollybowman.com\/fr\/wp-json\/wp\/v2\/types\/product"}],"replies":[{"embeddable":true,"href":"https:\/\/ollybowman.com\/fr\/wp-json\/wp\/v2\/comments?post=151209"}],"wp:featuredmedia":[{"embeddable":true,"href":"https:\/\/ollybowman.com\/fr\/wp-json\/wp\/v2\/media\/175334"}],"wp:attachment":[{"href":"https:\/\/ollybowman.com\/fr\/wp-json\/wp\/v2\/media?parent=151209"}],"wp:term":[{"taxonomy":"image_name","embeddable":true,"href":"https:\/\/ollybowman.com\/fr\/wp-json\/wp\/v2\/image_name?post=151209"},{"taxonomy":"product-option-template","embeddable":true,"href":"https:\/\/ollybowman.com\/fr\/wp-json\/wp\/v2\/product-option-template?post=151209"},{"taxonomy":"product_brand","embeddable":true,"href":"https:\/\/ollybowman.com\/fr\/wp-json\/wp\/v2\/product_brand?post=151209"},{"taxonomy":"product_cat","embeddable":true,"href":"https:\/\/ollybowman.com\/fr\/wp-json\/wp\/v2\/product_cat?post=151209"},{"taxonomy":"product_tag","embeddable":true,"href":"https:\/\/ollybowman.com\/fr\/wp-json\/wp\/v2\/product_tag?post=151209"}],"curies":[{"name":"wp","href":"https:\/\/api.w.org\/{rel}","templated":true}]}}