{"id":151210,"date":"2025-08-12T09:58:13","date_gmt":"2025-08-12T07:58:13","guid":{"rendered":"https:\/\/ollybowman.com\/buy-prints\/non class\u00e9\/haute-route\/"},"modified":"2020-10-01T19:08:05","modified_gmt":"2020-10-01T17:08:05","slug":"haute-route","status":"publish","type":"product","link":"https:\/\/ollybowman.com\/fr\/buy-prints\/prints-fr\/haute-route\/","title":{"rendered":"Haute Route"},"content":{"rendered":"<p>Cette photo a \u00e9t\u00e9 prise le dernier jour de la Haute Route de Chamonix \u00e0 Zermatt au Col de L&#8217;Ev\u00eaque. Il y avait beaucoup de vent l\u00e0 o\u00f9 la photo a \u00e9t\u00e9 prise mais juste au coin, \u00e0 l&#8217;abri du vent, c&#8217;\u00e9tait un monde diff\u00e9rent et totalement abrit\u00e9.<\/p>\n","protected":false},"excerpt":{"rendered":"<p>Cette photo a \u00e9t\u00e9 prise le dernier jour de la Haute Route de Chamonix \u00e0 Zermatt au Col de L&#8217;Ev\u00eaque. Il y avait beaucoup de vent l\u00e0 o\u00f9 la photo a \u00e9t\u00e9 prise mais juste au coin, \u00e0 l&#8217;abri du vent, c&#8217;\u00e9tait un monde diff\u00e9rent et totalement abrit\u00e9.<\/p>\n","protected":false},"featured_media":175349,"comment_status":"open","ping_status":"closed","template":"","meta":{"_acf_changed":false,"content-type":"","wds_primary_image_name":0,"wds_primary_product-option-template":0,"wds_primary_product_brand":0,"wds_primary_product_cat":3035},"image_name":[1753],"product-option-template":[3013],"product_brand":[],"product_cat":[3035],"product_tag":[3016,3017,3018,3059],"class_list":{"0":"post-151210","1":"product","2":"type-product","3":"status-publish","4":"has-post-thumbnail","6":"image_name-haute-route","7":"product-option-template-32-normal-res","8":"product_cat-prints-fr","9":"product_tag-alpes","10":"product_tag-montagne","11":"product_tag-paysage","12":"product_tag-ski-fr","13":"tm-has-options","15":"first","16":"instock","17":"shipping-taxable","18":"purchasable","19":"product-type-simple"},"acf":[],"_links":{"self":[{"href":"https:\/\/ollybowman.com\/fr\/wp-json\/wp\/v2\/product\/151210","targetHints":{"allow":["GET"]}}],"collection":[{"href":"https:\/\/ollybowman.com\/fr\/wp-json\/wp\/v2\/product"}],"about":[{"href":"https:\/\/ollybowman.com\/fr\/wp-json\/wp\/v2\/types\/product"}],"replies":[{"embeddable":true,"href":"https:\/\/ollybowman.com\/fr\/wp-json\/wp\/v2\/comments?post=151210"}],"wp:featuredmedia":[{"embeddable":true,"href":"https:\/\/ollybowman.com\/fr\/wp-json\/wp\/v2\/media\/175349"}],"wp:attachment":[{"href":"https:\/\/ollybowman.com\/fr\/wp-json\/wp\/v2\/media?parent=151210"}],"wp:term":[{"taxonomy":"image_name","embeddable":true,"href":"https:\/\/ollybowman.com\/fr\/wp-json\/wp\/v2\/image_name?post=151210"},{"taxonomy":"product-option-template","embeddable":true,"href":"https:\/\/ollybowman.com\/fr\/wp-json\/wp\/v2\/product-option-template?post=151210"},{"taxonomy":"product_brand","embeddable":true,"href":"https:\/\/ollybowman.com\/fr\/wp-json\/wp\/v2\/product_brand?post=151210"},{"taxonomy":"product_cat","embeddable":true,"href":"https:\/\/ollybowman.com\/fr\/wp-json\/wp\/v2\/product_cat?post=151210"},{"taxonomy":"product_tag","embeddable":true,"href":"https:\/\/ollybowman.com\/fr\/wp-json\/wp\/v2\/product_tag?post=151210"}],"curies":[{"name":"wp","href":"https:\/\/api.w.org\/{rel}","templated":true}]}}