{"id":151240,"date":"2025-08-12T09:57:11","date_gmt":"2025-08-12T07:57:11","guid":{"rendered":"https:\/\/ollybowman.com\/buy-prints\/non%20class\u00e9\/frozen-loch-morlich\/"},"modified":"2023-11-18T20:43:42","modified_gmt":"2023-11-18T19:43:42","slug":"frozen-loch-morlich","status":"publish","type":"product","link":"https:\/\/ollybowman.com\/fr\/buy-prints\/prints-fr\/frozen-loch-morlich\/","title":{"rendered":"Frozen Loch Morlich"},"content":{"rendered":"<p>Il s&#8217;agit d&#8217;une vue a\u00e9rienne du Loch Morlich Sailing Club prise par une journ\u00e9e tr\u00e8s froide et glaciale, vous pouvez voir o\u00f9 quelqu&#8217;un de tr\u00e8s enthousiaste a bris\u00e9 la glace pour sortir son bateau de l&#8217;eau.<\/p>\n","protected":false},"excerpt":{"rendered":"<p>Il s&#8217;agit d&#8217;une vue a\u00e9rienne du Loch Morlich Sailing Club prise par une journ\u00e9e tr\u00e8s froide et glaciale, vous pouvez voir o\u00f9 quelqu&#8217;un de tr\u00e8s enthousiaste a bris\u00e9 la glace pour sortir son bateau de l&#8217;eau.<\/p>\n","protected":false},"featured_media":175323,"comment_status":"open","ping_status":"closed","template":"","meta":{"_acf_changed":false,"content-type":"","wds_primary_image_name":0,"wds_primary_product-option-template":0,"wds_primary_product_brand":0,"wds_primary_product_cat":3035},"image_name":[2098],"product-option-template":[3040],"product_brand":[],"product_cat":[3035],"product_tag":[3045,3046],"class_list":{"0":"post-151240","1":"product","2":"type-product","3":"status-publish","4":"has-post-thumbnail","6":"image_name-frozen-loch-morlich","7":"product-option-template-43-low-res","8":"product_cat-prints-fr","9":"product_tag-aerienne","10":"product_tag-lac","11":"pa_size-21x30-cm","12":"pa_size-30x40-cm","13":"pa_size-50x70-cm","14":"tm-has-options","16":"first","17":"instock","18":"shipping-taxable","19":"purchasable","20":"product-type-simple"},"acf":[],"_links":{"self":[{"href":"https:\/\/ollybowman.com\/fr\/wp-json\/wp\/v2\/product\/151240","targetHints":{"allow":["GET"]}}],"collection":[{"href":"https:\/\/ollybowman.com\/fr\/wp-json\/wp\/v2\/product"}],"about":[{"href":"https:\/\/ollybowman.com\/fr\/wp-json\/wp\/v2\/types\/product"}],"replies":[{"embeddable":true,"href":"https:\/\/ollybowman.com\/fr\/wp-json\/wp\/v2\/comments?post=151240"}],"wp:featuredmedia":[{"embeddable":true,"href":"https:\/\/ollybowman.com\/fr\/wp-json\/wp\/v2\/media\/175323"}],"wp:attachment":[{"href":"https:\/\/ollybowman.com\/fr\/wp-json\/wp\/v2\/media?parent=151240"}],"wp:term":[{"taxonomy":"image_name","embeddable":true,"href":"https:\/\/ollybowman.com\/fr\/wp-json\/wp\/v2\/image_name?post=151240"},{"taxonomy":"product-option-template","embeddable":true,"href":"https:\/\/ollybowman.com\/fr\/wp-json\/wp\/v2\/product-option-template?post=151240"},{"taxonomy":"product_brand","embeddable":true,"href":"https:\/\/ollybowman.com\/fr\/wp-json\/wp\/v2\/product_brand?post=151240"},{"taxonomy":"product_cat","embeddable":true,"href":"https:\/\/ollybowman.com\/fr\/wp-json\/wp\/v2\/product_cat?post=151240"},{"taxonomy":"product_tag","embeddable":true,"href":"https:\/\/ollybowman.com\/fr\/wp-json\/wp\/v2\/product_tag?post=151240"}],"curies":[{"name":"wp","href":"https:\/\/api.w.org\/{rel}","templated":true}]}}