{"id":151241,"date":"2025-08-12T09:57:19","date_gmt":"2025-08-12T07:57:19","guid":{"rendered":"https:\/\/ollybowman.com\/buy-prints\/non%20class\u00e9\/glencoe-lochan\/"},"modified":"2023-11-18T20:48:45","modified_gmt":"2023-11-18T19:48:45","slug":"glencoe-lochan","status":"publish","type":"product","link":"https:\/\/ollybowman.com\/fr\/buy-prints\/prints-fr\/glencoe-lochan\/","title":{"rendered":"Glencoe Lochan"},"content":{"rendered":"<p>Il s&#8217;agit de Glencoe Lochan dans les Highlands d&#8217;\u00c9cosse et c&#8217;est l&#8217;une des premi\u00e8res photos num\u00e9riques que j&#8217;ai prises. Il est assez rare d\u2019avoir une eau aussi calme et vitreuse en \u00c9cosse et si c\u2019est le cas, vous serez probablement attaqu\u00e9 par des moucherons.<\/p>\n","protected":false},"excerpt":{"rendered":"<p>Il s&#8217;agit de Glencoe Lochan dans les Highlands d&#8217;\u00c9cosse et c&#8217;est l&#8217;une des premi\u00e8res photos num\u00e9riques que j&#8217;ai prises. Il est assez rare d\u2019avoir une eau aussi calme et vitreuse en \u00c9cosse et si c\u2019est le cas, vous serez probablement attaqu\u00e9 par des moucherons.<\/p>\n","protected":false},"featured_media":175344,"comment_status":"open","ping_status":"closed","template":"","meta":{"_acf_changed":false,"content-type":"","wds_primary_image_name":0,"wds_primary_product-option-template":0,"wds_primary_product_brand":0,"wds_primary_product_cat":3035},"image_name":[1752],"product-option-template":[3039],"product_brand":[],"product_cat":[3035],"product_tag":[3046,3017,3018],"class_list":{"0":"post-151241","1":"product","2":"type-product","3":"status-publish","4":"has-post-thumbnail","6":"image_name-glencoe-lochan","7":"product-option-template-11-low-res","8":"product_cat-prints-fr","9":"product_tag-lac","10":"product_tag-montagne","11":"product_tag-paysage","12":"tm-has-options","14":"first","15":"instock","16":"shipping-taxable","17":"purchasable","18":"product-type-simple"},"acf":[],"_links":{"self":[{"href":"https:\/\/ollybowman.com\/fr\/wp-json\/wp\/v2\/product\/151241","targetHints":{"allow":["GET"]}}],"collection":[{"href":"https:\/\/ollybowman.com\/fr\/wp-json\/wp\/v2\/product"}],"about":[{"href":"https:\/\/ollybowman.com\/fr\/wp-json\/wp\/v2\/types\/product"}],"replies":[{"embeddable":true,"href":"https:\/\/ollybowman.com\/fr\/wp-json\/wp\/v2\/comments?post=151241"}],"wp:featuredmedia":[{"embeddable":true,"href":"https:\/\/ollybowman.com\/fr\/wp-json\/wp\/v2\/media\/175344"}],"wp:attachment":[{"href":"https:\/\/ollybowman.com\/fr\/wp-json\/wp\/v2\/media?parent=151241"}],"wp:term":[{"taxonomy":"image_name","embeddable":true,"href":"https:\/\/ollybowman.com\/fr\/wp-json\/wp\/v2\/image_name?post=151241"},{"taxonomy":"product-option-template","embeddable":true,"href":"https:\/\/ollybowman.com\/fr\/wp-json\/wp\/v2\/product-option-template?post=151241"},{"taxonomy":"product_brand","embeddable":true,"href":"https:\/\/ollybowman.com\/fr\/wp-json\/wp\/v2\/product_brand?post=151241"},{"taxonomy":"product_cat","embeddable":true,"href":"https:\/\/ollybowman.com\/fr\/wp-json\/wp\/v2\/product_cat?post=151241"},{"taxonomy":"product_tag","embeddable":true,"href":"https:\/\/ollybowman.com\/fr\/wp-json\/wp\/v2\/product_tag?post=151241"}],"curies":[{"name":"wp","href":"https:\/\/api.w.org\/{rel}","templated":true}]}}