{"id":151309,"date":"2025-08-12T09:57:07","date_gmt":"2025-08-12T07:57:07","guid":{"rendered":"https:\/\/ollybowman.com\/buy-prints\/non class\u00e9\/milky-way-over-chamonix\/"},"modified":"2023-11-19T16:44:46","modified_gmt":"2023-11-19T15:44:46","slug":"milky-way-over-chamonix","status":"publish","type":"product","link":"https:\/\/ollybowman.com\/fr\/buy-prints\/prints-fr\/milky-way-over-chamonix\/","title":{"rendered":"Milky Way over Chamonix"},"content":{"rendered":"<p>Dans le ciel nocturne enchanteur au-dessus de Chamonix, un chef-d&#8217;\u0153uvre c\u00e9leste se d\u00e9voile alors que la Voie Lact\u00e9e orne les t\u00e9n\u00e8bres de sa lueur \u00e9th\u00e9r\u00e9e. La photo capture le ballet cosmique d&#8217;innombrables \u00e9toiles, couloirs de poussi\u00e8re et amas c\u00e9lestes s&#8217;\u00e9tendant sur la vaste \u00e9tendue de la vall\u00e9e de Chamonix. Sur la silhouette des sommets imposants et la beaut\u00e9 tranquille des Alpes fran\u00e7aises, la Voie Lact\u00e9e \u00e9merge comme un fleuve de lumi\u00e8re lumineux, se frayant un chemin \u00e0 travers la tapisserie de la nuit.<\/p>\n<p>L&#8217;air pur de la montagne cr\u00e9e une toile id\u00e9ale pour ce spectacle astronomique, invitant les spectateurs \u00e0 s&#8217;\u00e9merveiller devant la grandeur de l&#8217;univers. La juxtaposition du paysage naturel sublime et des merveilles cosmiques au-dessus de Chamonix fait de cette photographie un t\u00e9moignage de la beaut\u00e9 impressionnante qui existe \u00e0 la fois sur Terre et dans l&#8217;immensit\u00e9 du cosmos.<\/p>\n","protected":false},"excerpt":{"rendered":"<p>Dans le ciel nocturne enchanteur au-dessus de Chamonix, un chef-d&#8217;\u0153uvre c\u00e9leste se d\u00e9voile alors que la Voie Lact\u00e9e orne les t\u00e9n\u00e8bres de sa lueur \u00e9th\u00e9r\u00e9e. La photo capture le ballet cosmique d&#8217;innombrables \u00e9toiles, couloirs de poussi\u00e8re et amas c\u00e9lestes s&#8217;\u00e9tendant sur la vaste \u00e9tendue de la vall\u00e9e de Chamonix. Sur la silhouette des sommets imposants [&hellip;]<\/p>\n","protected":false},"featured_media":175315,"comment_status":"open","ping_status":"closed","template":"","meta":{"_acf_changed":false,"content-type":"","wds_primary_image_name":0,"wds_primary_product-option-template":0,"wds_primary_product_brand":0,"wds_primary_product_cat":3035},"image_name":[],"product-option-template":[3013],"product_brand":[],"product_cat":[3035],"product_tag":[3016,3015,3018],"class_list":{"0":"post-151309","1":"product","2":"type-product","3":"status-publish","4":"has-post-thumbnail","6":"product-option-template-32-normal-res","7":"product_cat-prints-fr","8":"product_tag-alpes","9":"product_tag-chamonix-fr","10":"product_tag-paysage","11":"tm-has-options","13":"first","14":"instock","15":"shipping-taxable","16":"purchasable","17":"product-type-simple"},"acf":[],"_links":{"self":[{"href":"https:\/\/ollybowman.com\/fr\/wp-json\/wp\/v2\/product\/151309","targetHints":{"allow":["GET"]}}],"collection":[{"href":"https:\/\/ollybowman.com\/fr\/wp-json\/wp\/v2\/product"}],"about":[{"href":"https:\/\/ollybowman.com\/fr\/wp-json\/wp\/v2\/types\/product"}],"replies":[{"embeddable":true,"href":"https:\/\/ollybowman.com\/fr\/wp-json\/wp\/v2\/comments?post=151309"}],"wp:featuredmedia":[{"embeddable":true,"href":"https:\/\/ollybowman.com\/fr\/wp-json\/wp\/v2\/media\/175315"}],"wp:attachment":[{"href":"https:\/\/ollybowman.com\/fr\/wp-json\/wp\/v2\/media?parent=151309"}],"wp:term":[{"taxonomy":"image_name","embeddable":true,"href":"https:\/\/ollybowman.com\/fr\/wp-json\/wp\/v2\/image_name?post=151309"},{"taxonomy":"product-option-template","embeddable":true,"href":"https:\/\/ollybowman.com\/fr\/wp-json\/wp\/v2\/product-option-template?post=151309"},{"taxonomy":"product_brand","embeddable":true,"href":"https:\/\/ollybowman.com\/fr\/wp-json\/wp\/v2\/product_brand?post=151309"},{"taxonomy":"product_cat","embeddable":true,"href":"https:\/\/ollybowman.com\/fr\/wp-json\/wp\/v2\/product_cat?post=151309"},{"taxonomy":"product_tag","embeddable":true,"href":"https:\/\/ollybowman.com\/fr\/wp-json\/wp\/v2\/product_tag?post=151309"}],"curies":[{"name":"wp","href":"https:\/\/api.w.org\/{rel}","templated":true}]}}