{"id":151314,"date":"2025-08-12T09:57:07","date_gmt":"2025-08-12T07:57:07","guid":{"rendered":"https:\/\/ollybowman.com\/buy-prints\/non class\u00e9\/le-chemin-du-retour\/"},"modified":"2023-11-19T17:01:56","modified_gmt":"2023-11-19T16:01:56","slug":"the-way-back","status":"publish","type":"product","link":"https:\/\/ollybowman.com\/fr\/buy-prints\/prints-fr\/the-way-back\/","title":{"rendered":"Le chemin du retour"},"content":{"rendered":"<p>Sur cette fascinante photographie a\u00e9rienne, la Vall\u00e9e Blanche s&#8217;\u00e9tend en contrebas, une vaste \u00e9tendue de neige et de glace immacul\u00e9es. Deux alpinistes r\u00e9sistants, dont les silhouettes sont minuscules sur le vaste paysage blanc, reviennent d&#8217;une exp\u00e9dition difficile. La perspective a\u00e9rienne capture la simplicit\u00e9 et la tranquillit\u00e9 de leur descente, alors que les alpinistes laissent un sentier sinueux dans la neige intacte.<\/p>\n<p>L&#8217;absence de sommets visibles permet de se concentrer sur les sch\u00e9mas rythmiques de leur voyage, cr\u00e9ant un contraste \u00e9l\u00e9gant entre la puret\u00e9 de l&#8217;environnement glaciaire et les subtiles traces de la pr\u00e9sence humaine. La photographie raconte une histoire d&#8217;accomplissement et de retour d&#8217;une aventure alpine, o\u00f9 l&#8217;immensit\u00e9 de la Vall\u00e9e Blanche devient la toile du voyage des alpinistes, marqu\u00e9 par la d\u00e9termination et la beaut\u00e9 ind\u00e9l\u00e9bile de la nature gel\u00e9e.<\/p>\n","protected":false},"excerpt":{"rendered":"<p>Sur cette fascinante photographie a\u00e9rienne, la Vall\u00e9e Blanche s&#8217;\u00e9tend en contrebas, une vaste \u00e9tendue de neige et de glace immacul\u00e9es. Deux alpinistes r\u00e9sistants, dont les silhouettes sont minuscules sur le vaste paysage blanc, reviennent d&#8217;une exp\u00e9dition difficile. La perspective a\u00e9rienne capture la simplicit\u00e9 et la tranquillit\u00e9 de leur descente, alors que les alpinistes laissent un [&hellip;]<\/p>\n","protected":false},"featured_media":175313,"comment_status":"open","ping_status":"closed","template":"","meta":{"_acf_changed":false,"content-type":"","wds_primary_image_name":0,"wds_primary_product-option-template":0,"wds_primary_product_brand":0,"wds_primary_product_cat":3035},"image_name":[],"product-option-template":[3013],"product_brand":[],"product_cat":[3035],"product_tag":[3045,3016,3015,3018],"class_list":{"0":"post-151314","1":"product","2":"type-product","3":"status-publish","4":"has-post-thumbnail","6":"product-option-template-32-normal-res","7":"product_cat-prints-fr","8":"product_tag-aerienne","9":"product_tag-alpes","10":"product_tag-chamonix-fr","11":"product_tag-paysage","12":"tm-has-options","14":"first","15":"instock","16":"shipping-taxable","17":"purchasable","18":"product-type-simple"},"acf":[],"_links":{"self":[{"href":"https:\/\/ollybowman.com\/fr\/wp-json\/wp\/v2\/product\/151314","targetHints":{"allow":["GET"]}}],"collection":[{"href":"https:\/\/ollybowman.com\/fr\/wp-json\/wp\/v2\/product"}],"about":[{"href":"https:\/\/ollybowman.com\/fr\/wp-json\/wp\/v2\/types\/product"}],"replies":[{"embeddable":true,"href":"https:\/\/ollybowman.com\/fr\/wp-json\/wp\/v2\/comments?post=151314"}],"wp:featuredmedia":[{"embeddable":true,"href":"https:\/\/ollybowman.com\/fr\/wp-json\/wp\/v2\/media\/175313"}],"wp:attachment":[{"href":"https:\/\/ollybowman.com\/fr\/wp-json\/wp\/v2\/media?parent=151314"}],"wp:term":[{"taxonomy":"image_name","embeddable":true,"href":"https:\/\/ollybowman.com\/fr\/wp-json\/wp\/v2\/image_name?post=151314"},{"taxonomy":"product-option-template","embeddable":true,"href":"https:\/\/ollybowman.com\/fr\/wp-json\/wp\/v2\/product-option-template?post=151314"},{"taxonomy":"product_brand","embeddable":true,"href":"https:\/\/ollybowman.com\/fr\/wp-json\/wp\/v2\/product_brand?post=151314"},{"taxonomy":"product_cat","embeddable":true,"href":"https:\/\/ollybowman.com\/fr\/wp-json\/wp\/v2\/product_cat?post=151314"},{"taxonomy":"product_tag","embeddable":true,"href":"https:\/\/ollybowman.com\/fr\/wp-json\/wp\/v2\/product_tag?post=151314"}],"curies":[{"name":"wp","href":"https:\/\/api.w.org\/{rel}","templated":true}]}}