{"id":151339,"date":"2025-08-12T09:57:06","date_gmt":"2025-08-12T07:57:06","guid":{"rendered":"https:\/\/ollybowman.com\/buy-prints\/non%20class\u00e9\/snowmeo-et-juliet\/"},"modified":"2023-11-20T18:29:51","modified_gmt":"2023-11-20T17:29:51","slug":"snowmeo-and-juliet","status":"publish","type":"product","link":"https:\/\/ollybowman.com\/fr\/buy-prints\/prints-fr\/snowmeo-and-juliet\/","title":{"rendered":"Snowmeo et Juliet"},"content":{"rendered":"<p>Entrez dans le monde enchanteur de \u00ab Snowmeo et Juliette \u00bb avec ce tirage photo fantaisiste, o\u00f9 un skieur audacieux et un snowboarder intr\u00e9pide partagent un baiser clandestin dans l&#8217;\u00e9treinte glac\u00e9e d&#8217;une grotte cach\u00e9e. Li\u00e9s par les r\u00e8gles non \u00e9crites de leurs tribus respectives, ces amoureux de l&#8217;hiver maudits trouvent r\u00e9confort et passion dans leur lieu de rencontre secret.<\/p>\n<p>Sur fond de murs glaciaires, leur baiser fait \u00e9cho \u00e0 l&#8217;histoire intemporelle d&#8217;un amour interdit, transcendant les fronti\u00e8res impos\u00e9es par leurs affiliations aux sports de neige. Cet imprim\u00e9 capture non seulement un moment de d\u00e9fi romantique, mais constitue \u00e9galement une ode ludique \u00e0 l&#8217;esprit rebelle qui s&#8217;\u00e9panouit lorsque l&#8217;amour et les sports d&#8217;hiver se rencontrent.<\/p>\n","protected":false},"excerpt":{"rendered":"<p>Entrez dans le monde enchanteur de \u00ab Snowmeo et Juliette \u00bb avec ce tirage photo fantaisiste, o\u00f9 un skieur audacieux et un snowboarder intr\u00e9pide partagent un baiser clandestin dans l&#8217;\u00e9treinte glac\u00e9e d&#8217;une grotte cach\u00e9e. Li\u00e9s par les r\u00e8gles non \u00e9crites de leurs tribus respectives, ces amoureux de l&#8217;hiver maudits trouvent r\u00e9confort et passion dans leur [&hellip;]<\/p>\n","protected":false},"featured_media":175310,"comment_status":"open","ping_status":"closed","template":"","meta":{"_acf_changed":false,"content-type":"","wds_primary_image_name":0,"wds_primary_product-option-template":0,"wds_primary_product_brand":0,"wds_primary_product_cat":3035},"image_name":[],"product-option-template":[3013],"product_brand":[],"product_cat":[3035],"product_tag":[3015,3014,3059,3060],"class_list":{"0":"post-151339","1":"product","2":"type-product","3":"status-publish","4":"has-post-thumbnail","6":"product-option-template-32-normal-res","7":"product_cat-prints-fr","8":"product_tag-chamonix-fr","9":"product_tag-lhiver","10":"product_tag-ski-fr","11":"product_tag-snowboard-fr","12":"tm-has-options","14":"first","15":"instock","16":"shipping-taxable","17":"purchasable","18":"product-type-simple"},"acf":[],"_links":{"self":[{"href":"https:\/\/ollybowman.com\/fr\/wp-json\/wp\/v2\/product\/151339","targetHints":{"allow":["GET"]}}],"collection":[{"href":"https:\/\/ollybowman.com\/fr\/wp-json\/wp\/v2\/product"}],"about":[{"href":"https:\/\/ollybowman.com\/fr\/wp-json\/wp\/v2\/types\/product"}],"replies":[{"embeddable":true,"href":"https:\/\/ollybowman.com\/fr\/wp-json\/wp\/v2\/comments?post=151339"}],"wp:featuredmedia":[{"embeddable":true,"href":"https:\/\/ollybowman.com\/fr\/wp-json\/wp\/v2\/media\/175310"}],"wp:attachment":[{"href":"https:\/\/ollybowman.com\/fr\/wp-json\/wp\/v2\/media?parent=151339"}],"wp:term":[{"taxonomy":"image_name","embeddable":true,"href":"https:\/\/ollybowman.com\/fr\/wp-json\/wp\/v2\/image_name?post=151339"},{"taxonomy":"product-option-template","embeddable":true,"href":"https:\/\/ollybowman.com\/fr\/wp-json\/wp\/v2\/product-option-template?post=151339"},{"taxonomy":"product_brand","embeddable":true,"href":"https:\/\/ollybowman.com\/fr\/wp-json\/wp\/v2\/product_brand?post=151339"},{"taxonomy":"product_cat","embeddable":true,"href":"https:\/\/ollybowman.com\/fr\/wp-json\/wp\/v2\/product_cat?post=151339"},{"taxonomy":"product_tag","embeddable":true,"href":"https:\/\/ollybowman.com\/fr\/wp-json\/wp\/v2\/product_tag?post=151339"}],"curies":[{"name":"wp","href":"https:\/\/api.w.org\/{rel}","templated":true}]}}