{"id":151360,"date":"2025-08-12T09:57:05","date_gmt":"2025-08-12T07:57:05","guid":{"rendered":"https:\/\/ollybowman.com\/buy-prints\/non%20class\u00e9\/le-lido\/"},"modified":"2023-11-21T20:38:26","modified_gmt":"2023-11-21T19:38:26","slug":"the-lido","status":"publish","type":"product","link":"https:\/\/ollybowman.com\/fr\/buy-prints\/prints-fr\/the-lido\/","title":{"rendered":"Le Lido"},"content":{"rendered":"<p>Une vue a\u00e9rienne d\u2019une lido sur les eaux vertes et claires d\u2019un lac immacul\u00e9. Le calme cr\u00e9e une ambiance sereine, parfaite pour les espaces recherchant une touche de simplicit\u00e9 apaisante. Plongez dans le calme et laissez l\u2019attrait rafra\u00eechissant des eaux claires \u00e9lever votre environnement.<\/p>\n","protected":false},"excerpt":{"rendered":"<p>Une vue a\u00e9rienne d\u2019une lido sur les eaux vertes et claires d\u2019un lac immacul\u00e9. Le calme cr\u00e9e une ambiance sereine, parfaite pour les espaces recherchant une touche de simplicit\u00e9 apaisante. Plongez dans le calme et laissez l\u2019attrait rafra\u00eechissant des eaux claires \u00e9lever votre environnement.<\/p>\n","protected":false},"featured_media":175309,"comment_status":"open","ping_status":"closed","template":"","meta":{"_acf_changed":false,"content-type":"","wds_primary_image_name":0,"wds_primary_product-option-template":0,"wds_primary_product_brand":0,"wds_primary_product_cat":3035},"image_name":[],"product-option-template":[3012],"product_brand":[],"product_cat":[3035],"product_tag":[3045,3046],"class_list":{"0":"post-151360","1":"product","2":"type-product","3":"status-publish","4":"has-post-thumbnail","6":"product-option-template-32-low-res","7":"product_cat-prints-fr","8":"product_tag-aerienne","9":"product_tag-lac","10":"tm-has-options","12":"first","13":"instock","14":"shipping-taxable","15":"purchasable","16":"product-type-simple"},"acf":[],"_links":{"self":[{"href":"https:\/\/ollybowman.com\/fr\/wp-json\/wp\/v2\/product\/151360","targetHints":{"allow":["GET"]}}],"collection":[{"href":"https:\/\/ollybowman.com\/fr\/wp-json\/wp\/v2\/product"}],"about":[{"href":"https:\/\/ollybowman.com\/fr\/wp-json\/wp\/v2\/types\/product"}],"replies":[{"embeddable":true,"href":"https:\/\/ollybowman.com\/fr\/wp-json\/wp\/v2\/comments?post=151360"}],"wp:featuredmedia":[{"embeddable":true,"href":"https:\/\/ollybowman.com\/fr\/wp-json\/wp\/v2\/media\/175309"}],"wp:attachment":[{"href":"https:\/\/ollybowman.com\/fr\/wp-json\/wp\/v2\/media?parent=151360"}],"wp:term":[{"taxonomy":"image_name","embeddable":true,"href":"https:\/\/ollybowman.com\/fr\/wp-json\/wp\/v2\/image_name?post=151360"},{"taxonomy":"product-option-template","embeddable":true,"href":"https:\/\/ollybowman.com\/fr\/wp-json\/wp\/v2\/product-option-template?post=151360"},{"taxonomy":"product_brand","embeddable":true,"href":"https:\/\/ollybowman.com\/fr\/wp-json\/wp\/v2\/product_brand?post=151360"},{"taxonomy":"product_cat","embeddable":true,"href":"https:\/\/ollybowman.com\/fr\/wp-json\/wp\/v2\/product_cat?post=151360"},{"taxonomy":"product_tag","embeddable":true,"href":"https:\/\/ollybowman.com\/fr\/wp-json\/wp\/v2\/product_tag?post=151360"}],"curies":[{"name":"wp","href":"https:\/\/api.w.org\/{rel}","templated":true}]}}