{"id":151366,"date":"2025-08-12T09:57:04","date_gmt":"2025-08-12T07:57:04","guid":{"rendered":"https:\/\/ollybowman.com\/buy-prints\/non class\u00e9\/arbres-petrifies\/"},"modified":"2023-11-21T20:57:52","modified_gmt":"2023-11-21T19:57:52","slug":"petrified-trees","status":"publish","type":"product","link":"https:\/\/ollybowman.com\/fr\/buy-prints\/prints-fr\/petrified-trees\/","title":{"rendered":"Arbres p\u00e9trifi\u00e9s"},"content":{"rendered":"<p>Voyagez dans la beaut\u00e9 aride de l\u2019Afrique du Sud \u00e0 travers cette impression photo captivante repr\u00e9sentant des arbres p\u00e9trifi\u00e9s dans le lit d\u2019un lac ass\u00e9ch\u00e9. Ces anciennes sentinelles se dressent fig\u00e9es dans le temps dans un paysage vaste et d\u00e9sol\u00e9.<\/p>\n<p>Au loin, une majestueuse cha\u00eene de montagnes ajoute de la profondeur \u00e0 la sc\u00e8ne, cr\u00e9ant un contraste saisissant entre le calme p\u00e9trifi\u00e9 du lit du lac et la grandeur durable des sommets lointains. Cette impression r\u00e9sume la beaut\u00e9 brute et naturelle d&#8217;une terre fa\u00e7onn\u00e9e par le temps, offrant un r\u00e9cit visuellement convaincant pour ceux qui appr\u00e9cient l&#8217;attrait myst\u00e9rieux des paysages anciens.<\/p>\n","protected":false},"excerpt":{"rendered":"<p>Voyagez dans la beaut\u00e9 aride de l\u2019Afrique du Sud \u00e0 travers cette impression photo captivante repr\u00e9sentant des arbres p\u00e9trifi\u00e9s dans le lit d\u2019un lac ass\u00e9ch\u00e9. Ces anciennes sentinelles se dressent fig\u00e9es dans le temps dans un paysage vaste et d\u00e9sol\u00e9. Au loin, une majestueuse cha\u00eene de montagnes ajoute de la profondeur \u00e0 la sc\u00e8ne, cr\u00e9ant [&hellip;]<\/p>\n","protected":false},"featured_media":175307,"comment_status":"open","ping_status":"closed","template":"","meta":{"_acf_changed":false,"content-type":"","wds_primary_image_name":0,"wds_primary_product-option-template":0,"wds_primary_product_brand":0,"wds_primary_product_cat":3035},"image_name":[],"product-option-template":[3013],"product_brand":[],"product_cat":[3035],"product_tag":[3018],"class_list":{"0":"post-151366","1":"product","2":"type-product","3":"status-publish","4":"has-post-thumbnail","6":"product-option-template-32-normal-res","7":"product_cat-prints-fr","8":"product_tag-paysage","9":"tm-has-options","11":"first","12":"instock","13":"shipping-taxable","14":"purchasable","15":"product-type-simple"},"acf":[],"_links":{"self":[{"href":"https:\/\/ollybowman.com\/fr\/wp-json\/wp\/v2\/product\/151366","targetHints":{"allow":["GET"]}}],"collection":[{"href":"https:\/\/ollybowman.com\/fr\/wp-json\/wp\/v2\/product"}],"about":[{"href":"https:\/\/ollybowman.com\/fr\/wp-json\/wp\/v2\/types\/product"}],"replies":[{"embeddable":true,"href":"https:\/\/ollybowman.com\/fr\/wp-json\/wp\/v2\/comments?post=151366"}],"wp:featuredmedia":[{"embeddable":true,"href":"https:\/\/ollybowman.com\/fr\/wp-json\/wp\/v2\/media\/175307"}],"wp:attachment":[{"href":"https:\/\/ollybowman.com\/fr\/wp-json\/wp\/v2\/media?parent=151366"}],"wp:term":[{"taxonomy":"image_name","embeddable":true,"href":"https:\/\/ollybowman.com\/fr\/wp-json\/wp\/v2\/image_name?post=151366"},{"taxonomy":"product-option-template","embeddable":true,"href":"https:\/\/ollybowman.com\/fr\/wp-json\/wp\/v2\/product-option-template?post=151366"},{"taxonomy":"product_brand","embeddable":true,"href":"https:\/\/ollybowman.com\/fr\/wp-json\/wp\/v2\/product_brand?post=151366"},{"taxonomy":"product_cat","embeddable":true,"href":"https:\/\/ollybowman.com\/fr\/wp-json\/wp\/v2\/product_cat?post=151366"},{"taxonomy":"product_tag","embeddable":true,"href":"https:\/\/ollybowman.com\/fr\/wp-json\/wp\/v2\/product_tag?post=151366"}],"curies":[{"name":"wp","href":"https:\/\/api.w.org\/{rel}","templated":true}]}}