{"id":151479,"date":"2025-08-12T09:57:04","date_gmt":"2025-08-12T07:57:04","guid":{"rendered":"https:\/\/ollybowman.com\/buy-prints\/non%20class\u00e9\/violet-midi\/"},"modified":"2023-11-22T12:53:28","modified_gmt":"2023-11-22T11:53:28","slug":"violet-midi","status":"publish","type":"product","link":"https:\/\/ollybowman.com\/fr\/buy-prints\/prints-fr\/violet-midi\/","title":{"rendered":"Violet Midi"},"content":{"rendered":"<p>D\u00e9couvrez la magie d&#8217;un coucher de soleil violet avec ce tirage photo captivant repr\u00e9sentant l&#8217;Aiguille du Midi dans les Alpes fran\u00e7aises. Le sommet embl\u00e9matique se dresse majestueusement sur le ciel radieux, sa beaut\u00e9 sauvage accentu\u00e9e par le jeu d&#8217;ombre et de lumi\u00e8re.<\/p>\n<p>Cet imprim\u00e9 capture les moments enchanteurs o\u00f9 la nature baigne le paysage dans des teintes de violet, conf\u00e9rant \u00e0 l&#8217;Aiguille du Midi une allure impressionnante. Parfaite pour ceux qui appr\u00e9cient la beaut\u00e9 sublime des vues alpines, cette affiche apporte l\u2019ambiance \u00e0 couper le souffle d\u2019un coucher de soleil sur une montagne dans votre espace de vie.<\/p>\n","protected":false},"excerpt":{"rendered":"<p>D\u00e9couvrez la magie d&#8217;un coucher de soleil violet avec ce tirage photo captivant repr\u00e9sentant l&#8217;Aiguille du Midi dans les Alpes fran\u00e7aises. Le sommet embl\u00e9matique se dresse majestueusement sur le ciel radieux, sa beaut\u00e9 sauvage accentu\u00e9e par le jeu d&#8217;ombre et de lumi\u00e8re. Cet imprim\u00e9 capture les moments enchanteurs o\u00f9 la nature baigne le paysage dans [&hellip;]<\/p>\n","protected":false},"featured_media":175308,"comment_status":"open","ping_status":"closed","template":"","meta":{"_acf_changed":false,"content-type":"","wds_primary_image_name":0,"wds_primary_product-option-template":0,"wds_primary_product_brand":0,"wds_primary_product_cat":3035},"image_name":[],"product-option-template":[3012],"product_brand":[],"product_cat":[3035],"product_tag":[3016,3015,3017,3018],"class_list":{"0":"post-151479","1":"product","2":"type-product","3":"status-publish","4":"has-post-thumbnail","6":"product-option-template-32-low-res","7":"product_cat-prints-fr","8":"product_tag-alpes","9":"product_tag-chamonix-fr","10":"product_tag-montagne","11":"product_tag-paysage","12":"tm-has-options","14":"first","15":"instock","16":"shipping-taxable","17":"purchasable","18":"product-type-simple"},"acf":[],"_links":{"self":[{"href":"https:\/\/ollybowman.com\/fr\/wp-json\/wp\/v2\/product\/151479","targetHints":{"allow":["GET"]}}],"collection":[{"href":"https:\/\/ollybowman.com\/fr\/wp-json\/wp\/v2\/product"}],"about":[{"href":"https:\/\/ollybowman.com\/fr\/wp-json\/wp\/v2\/types\/product"}],"replies":[{"embeddable":true,"href":"https:\/\/ollybowman.com\/fr\/wp-json\/wp\/v2\/comments?post=151479"}],"wp:featuredmedia":[{"embeddable":true,"href":"https:\/\/ollybowman.com\/fr\/wp-json\/wp\/v2\/media\/175308"}],"wp:attachment":[{"href":"https:\/\/ollybowman.com\/fr\/wp-json\/wp\/v2\/media?parent=151479"}],"wp:term":[{"taxonomy":"image_name","embeddable":true,"href":"https:\/\/ollybowman.com\/fr\/wp-json\/wp\/v2\/image_name?post=151479"},{"taxonomy":"product-option-template","embeddable":true,"href":"https:\/\/ollybowman.com\/fr\/wp-json\/wp\/v2\/product-option-template?post=151479"},{"taxonomy":"product_brand","embeddable":true,"href":"https:\/\/ollybowman.com\/fr\/wp-json\/wp\/v2\/product_brand?post=151479"},{"taxonomy":"product_cat","embeddable":true,"href":"https:\/\/ollybowman.com\/fr\/wp-json\/wp\/v2\/product_cat?post=151479"},{"taxonomy":"product_tag","embeddable":true,"href":"https:\/\/ollybowman.com\/fr\/wp-json\/wp\/v2\/product_tag?post=151479"}],"curies":[{"name":"wp","href":"https:\/\/api.w.org\/{rel}","templated":true}]}}