{"id":151752,"date":"2023-11-26T20:17:44","date_gmt":"2023-11-26T19:17:44","guid":{"rendered":"https:\/\/ollybowman.com\/buy-prints\/non class\u00e9\/violet-midi-2\/"},"modified":"2023-11-26T20:17:44","modified_gmt":"2023-11-26T19:17:44","slug":"violet-midi-2","status":"publish","type":"product","link":"https:\/\/ollybowman.com\/fr\/buy-prints\/coussin\/violet-midi-2\/","title":{"rendered":"Violet Midi"},"content":{"rendered":"<p>Vous souhaitez ajouter une touche de couleur \u00e0 votre maison ? Ce coussin de qualit\u00e9 sup\u00e9rieure avec insert de maintien de la forme est exactement ce que vous recherchez ! Il rendra n&#8217;importe quelle pi\u00e8ce luxueuse et fournira l&#8217;excuse parfaite pour une sieste rapide.<\/p>\n<p>&#8211; \u00c9tui 100% polyester pr\u00e9-r\u00e9tr\u00e9ci<br \/>\n&#8211; Tissu au toucher lin<br \/>\n&#8211; Fermeture \u00e9clair cach\u00e9e<br \/>\n&#8211; \u00c9tui lavable en machine<br \/>\n&#8211; Insert de maintien en forme en 100% polyester inclus (lavage \u00e0 la main uniquement)<\/p>\n","protected":false},"excerpt":{"rendered":"<p>Vous souhaitez ajouter une touche de couleur \u00e0 votre maison ? Ce coussin de qualit\u00e9 sup\u00e9rieure avec insert de maintien de la forme est exactement ce que vous recherchez ! Il rendra n&#8217;importe quelle pi\u00e8ce luxueuse et fournira l&#8217;excuse parfaite pour une sieste rapide. &#8211; \u00c9tui 100% polyester pr\u00e9-r\u00e9tr\u00e9ci &#8211; Tissu au toucher lin &#8211; [&hellip;]<\/p>\n","protected":false},"featured_media":151727,"comment_status":"open","ping_status":"closed","template":"","meta":{"_acf_changed":false,"content-type":"","wds_primary_image_name":0,"wds_primary_product-option-template":0,"wds_primary_product_brand":0,"wds_primary_product_cat":3026},"image_name":[],"product-option-template":[],"product_brand":[],"product_cat":[3026],"product_tag":[],"class_list":{"0":"post-151752","1":"product","2":"type-product","3":"status-publish","4":"has-post-thumbnail","6":"product_cat-coussin","7":"pa_size-45-x-45-cm","8":"pa_size-50-x-30-cm","9":"pa_size-55-x-55-cm","10":"tm-no-options","12":"first","13":"instock","14":"shipping-taxable","15":"purchasable","16":"product-type-variable"},"acf":[],"_links":{"self":[{"href":"https:\/\/ollybowman.com\/fr\/wp-json\/wp\/v2\/product\/151752","targetHints":{"allow":["GET"]}}],"collection":[{"href":"https:\/\/ollybowman.com\/fr\/wp-json\/wp\/v2\/product"}],"about":[{"href":"https:\/\/ollybowman.com\/fr\/wp-json\/wp\/v2\/types\/product"}],"replies":[{"embeddable":true,"href":"https:\/\/ollybowman.com\/fr\/wp-json\/wp\/v2\/comments?post=151752"}],"wp:featuredmedia":[{"embeddable":true,"href":"https:\/\/ollybowman.com\/fr\/wp-json\/"}],"wp:attachment":[{"href":"https:\/\/ollybowman.com\/fr\/wp-json\/wp\/v2\/media?parent=151752"}],"wp:term":[{"taxonomy":"image_name","embeddable":true,"href":"https:\/\/ollybowman.com\/fr\/wp-json\/wp\/v2\/image_name?post=151752"},{"taxonomy":"product-option-template","embeddable":true,"href":"https:\/\/ollybowman.com\/fr\/wp-json\/wp\/v2\/product-option-template?post=151752"},{"taxonomy":"product_brand","embeddable":true,"href":"https:\/\/ollybowman.com\/fr\/wp-json\/wp\/v2\/product_brand?post=151752"},{"taxonomy":"product_cat","embeddable":true,"href":"https:\/\/ollybowman.com\/fr\/wp-json\/wp\/v2\/product_cat?post=151752"},{"taxonomy":"product_tag","embeddable":true,"href":"https:\/\/ollybowman.com\/fr\/wp-json\/wp\/v2\/product_tag?post=151752"}],"curies":[{"name":"wp","href":"https:\/\/api.w.org\/{rel}","templated":true}]}}